{"id":2407,"date":"2017-06-21T15:08:24","date_gmt":"2017-06-21T15:08:24","guid":{"rendered":"https:\/\/julioalonso.org?page_id=2407"},"modified":"2020-12-21T20:59:30","modified_gmt":"2020-12-21T20:59:30","slug":"home-fr","status":"publish","type":"page","link":"https:\/\/julioalonso.org\/fr","title":{"rendered":"home-FR"},"content":{"rendered":"<div class=\"mimision\"><a href=\"\/fr\/ma-mission-vie\/\"><img decoding=\"async\" src=\"https:\/\/julioalonso.org\/wp-content\/uploads\/2017\/06\/mimision-fr.jpg\" alt=\"Ma mission\" \/><\/a><\/div>\n<div class=\"col-md-12\">\n<h3>Prochaines activit\u00e9es<\/h3>\n\t\t<div class=\"wppsac-wrap wppsac-slick-slider-wrp wppsac-clearfix \" data-conf=\"{&quot;dots&quot;:&quot;true&quot;,&quot;arrows&quot;:&quot;true&quot;,&quot;autoplay&quot;:&quot;true&quot;,&quot;autoplay_interval&quot;:&quot;7000&quot;,&quot;speed&quot;:500,&quot;rtl&quot;:&quot;false&quot;,&quot;lazyload&quot;:&quot;&quot;}\">\r\n\t\t\t<div id=\"wppsac-post-slider-1\" class=\"wppsac-post-slider-init wppsac-post-slider design-2\">\r\n\t\t\t\t<div class=\"wppsac-post-slides\">\r\n\t<div class=\"wppsac-post-content-position\">\r\n\t\t<div class=\"wppsac-post-content-left wp-medium-6 wpcolumns\">\r\n\t\t\t<div class=\"wppsac-post-inner-content\">\r\n\t\t\t\t\r\n\t\t\t\t<h2 class=\"wppsac-post-title\">\r\n\t\t\t\t\t<a href=\"https:\/\/julioalonso.org\/fr\/evenements\/paris-conference-le-chemin-dillumination-8-fevrier\">Paris Conf\u00e9rence Le Chemin d\u2019Illumination 8 F\u00e9vrier<\/a>\r\n\t\t\t\t<\/h2>\r\n\r\n\t\t\t\t\t\t\t\t<div class=\"wppsac-post-content\">\r\n\t\t\t\t\t<div class=\"wppsac-sub-content\">Conf\u00e9rence \"Le Chemin d\u2019Illumination\" La D\u00e9cision qui changera ta Vie &nbsp; Vendredi 8 F\u00e9vrier \u00e0 19h, Paris Salle \u00abCentre Bhagvati\u00bb...<\/div>\r\n\r\n\t\t\t\t\t\t\t\t\t\t<a class=\"wppsac-readmorebtn\" href=\"https:\/\/julioalonso.org\/fr\/evenements\/paris-conference-le-chemin-dillumination-8-fevrier\">Read More<\/a>\r\n\t\t\t\t\t\t\t\t\t<\/div>\r\n\t\t\t\t\t\t\t<\/div>\r\n\t\t<\/div>\r\n\t\t<div class=\"wppsac-post-image-bg\">\r\n\t\t\t<a href=\"https:\/\/julioalonso.org\/fr\/evenements\/paris-conference-le-chemin-dillumination-8-fevrier\">\r\n\t\t\t\t\t\t\t\t<img decoding=\"async\" class=\"wppsac-post-image\"  src=\"https:\/\/julioalonso.org\/wp-content\/uploads\/2019\/01\/2.png\" alt=\"Paris Conf\u00e9rence Le Chemin d\u2019Illumination 8 F\u00e9vrier\" \/>\r\n\t\t\t\t\t\t\t<\/a>\r\n\t\t<\/div>\r\n\t<\/div>\r\n<\/div><div class=\"wppsac-post-slides\">\r\n\t<div class=\"wppsac-post-content-position\">\r\n\t\t<div class=\"wppsac-post-content-left wp-medium-6 wpcolumns\">\r\n\t\t\t<div class=\"wppsac-post-inner-content\">\r\n\t\t\t\t\r\n\t\t\t\t<h2 class=\"wppsac-post-title\">\r\n\t\t\t\t\t<a href=\"https:\/\/julioalonso.org\/fr\/evenements\/marseille-16-17-fevrier-stage-1er-niveau\">Marseille 16-17 F\u00e9vrier \u2013 Stage 1er Niveau Ascendant<\/a>\r\n\t\t\t\t<\/h2>\r\n\r\n\t\t\t\t\t\t\t\t<div class=\"wppsac-post-content\">\r\n\t\t\t\t\t<div class=\"wppsac-sub-content\">Stage: \u201c1er Niveau Ascendant\u201d Samedi 16-17 F\u00e9vrier 2019 Horaire: samedi de 9:30h \u00e0 21h et dimanche de 9:30h \u00e0 19h...<\/div>\r\n\r\n\t\t\t\t\t\t\t\t\t\t<a class=\"wppsac-readmorebtn\" href=\"https:\/\/julioalonso.org\/fr\/evenements\/marseille-16-17-fevrier-stage-1er-niveau\">Read More<\/a>\r\n\t\t\t\t\t\t\t\t\t<\/div>\r\n\t\t\t\t\t\t\t<\/div>\r\n\t\t<\/div>\r\n\t\t<div class=\"wppsac-post-image-bg\">\r\n\t\t\t<a href=\"https:\/\/julioalonso.org\/fr\/evenements\/marseille-16-17-fevrier-stage-1er-niveau\">\r\n\t\t\t\t\t\t\t\t<img decoding=\"async\" class=\"wppsac-post-image\"  src=\"https:\/\/julioalonso.org\/wp-content\/uploads\/2018\/10\/marseille-16-17fevrier.png\" alt=\"Marseille 16-17 F\u00e9vrier \u2013 Stage 1er Niveau Ascendant\" \/>\r\n\t\t\t\t\t\t\t<\/a>\r\n\t\t<\/div>\r\n\t<\/div>\r\n<\/div><div class=\"wppsac-post-slides\">\r\n\t<div class=\"wppsac-post-content-position\">\r\n\t\t<div class=\"wppsac-post-content-left wp-medium-6 wpcolumns\">\r\n\t\t\t<div class=\"wppsac-post-inner-content\">\r\n\t\t\t\t\r\n\t\t\t\t<h2 class=\"wppsac-post-title\">\r\n\t\t\t\t\t<a href=\"https:\/\/julioalonso.org\/fr\/evenements\/paris-9-10-febrero-curso-1er-nivel-ascension\">Paris 9 -10 F\u00e9vrier &#8211; Stage 1er Niveau Ascension<\/a>\r\n\t\t\t\t<\/h2>\r\n\r\n\t\t\t\t\t\t\t\t<div class=\"wppsac-post-content\">\r\n\t\t\t\t\t<div class=\"wppsac-sub-content\">Stage: \u201c1er Niveau Ascension\u201d Samedi 9 -10 F\u00e9vrier 2019 Horaire: samedi de 9:30h \u00e0 21h et dimanche de 9:30h \u00e0...<\/div>\r\n\r\n\t\t\t\t\t\t\t\t\t\t<a class=\"wppsac-readmorebtn\" href=\"https:\/\/julioalonso.org\/fr\/evenements\/paris-9-10-febrero-curso-1er-nivel-ascension\">Read More<\/a>\r\n\t\t\t\t\t\t\t\t\t<\/div>\r\n\t\t\t\t\t\t\t<\/div>\r\n\t\t<\/div>\r\n\t\t<div class=\"wppsac-post-image-bg\">\r\n\t\t\t<a href=\"https:\/\/julioalonso.org\/fr\/evenements\/paris-9-10-febrero-curso-1er-nivel-ascension\">\r\n\t\t\t\t\t\t\t\t<img decoding=\"async\" class=\"wppsac-post-image\"  src=\"https:\/\/julioalonso.org\/wp-content\/uploads\/2018\/10\/Paris-9-10fevrier..png\" alt=\"Paris 9 -10 F\u00e9vrier &#8211; Stage 1er Niveau Ascension\" \/>\r\n\t\t\t\t\t\t\t<\/a>\r\n\t\t<\/div>\r\n\t<\/div>\r\n<\/div>\t\t\t<\/div>\r\n\t\t<\/div>\r\n\t\n<\/div>\n<div class=\"col-md-8\">\n<pre id=\"tw-target-text\" class=\"tw-data-text tw-ta tw-text-medium\" dir=\"ltr\" data-placeholder=\"Traducci\u00f3n\" data-fulltext=\"\"><\/pre>\n<h2 style=\"text-align: center;\">ALCHIMIE<\/h2>\n<p>L&rsquo;Alchimie est la Transformation de quelque chose de n\u00e9gatif en tr\u00e8s positif. C&rsquo;est la Transmutation de toute pens\u00e9e, de tout sentiment, de tout mot, de toute action, de tout \u00e9l\u00e9ment ou de tout objet en quelque chose de beaucoup plus \u00e9lev\u00e9, \u00e0 un niveaux Divin.<\/p>\n<figure id=\"attachment_1541\" aria-describedby=\"caption-attachment-1541\" style=\"width: 605px\" class=\"wp-caption aligncenter\"><img loading=\"lazy\" decoding=\"async\" class=\"full-width wp-image-1543\" src=\"https:\/\/julioalonso.org\/wp-content\/uploads\/2017\/07\/3_02.gif\" alt=\"\" width=\"605\" height=\"447\" \/><figcaption id=\"caption-attachment-1541\" class=\"wp-caption-text\">Obra original de Duguay<\/figcaption><\/figure>\n<pre id=\"tw-target-text\" class=\"tw-data-text tw-ta tw-text-large\" data-placeholder=\"Traducci\u00f3n\" data-fulltext=\"\"><a href=\"https:\/\/julioalonso.org\/fr\/alchime\"><span lang=\"fr\">Savoir plus<\/span>...<\/a><\/pre>\n<\/div>\n<div class=\"col-md-4\">\n<div class=\"top-widget\"><h2 class=\"widgettitle\">Agenda<\/h2>\n<script type=\"text\/javascript\">\/\/<!--\r\nvar dc_subjects = \"\";var dc_locations = \"\";\r\n\/\/-->\r\n<\/script>\r\n<link href=\"https:\/\/julioalonso.org\/wp-content\/plugins\/cp-multi-view-calendar\/DC_MultiViewCal\/css\/cupertino\/calendar.css\" type=\"text\/css\" rel=\"stylesheet\" \/>\r\n<link href=\"https:\/\/julioalonso.org\/wp-content\/plugins\/cp-multi-view-calendar\/DC_MultiViewCal\/css\/main.css\" type=\"text\/css\" rel=\"stylesheet\" \/>\r\n<noscript>The CP Multi View Event Calendar requires JavaScript enabled<\/noscript>\r\n <div style=\"z-index:1000;\" id=\"multicalendar\">\r\n    <div id=\"cal2_0\" class=\"multicalendar\"><\/div>\r\n <\/div>        \r\n <div style=\"clear:both;\"><\/div> \r\n\r\n<\/div>\n<h3>Videos<\/h3>\n<p>&nbsp;<\/p>\n<p><a href=\"https:\/\/www.youtube.com\/user\/julioalonsomartinez\" target=\"_blank\" rel=\"noopener noreferrer\"><img loading=\"lazy\" decoding=\"async\" class=\"alignnone wp-image-3744 size-medium\" src=\"https:\/\/julioalonso.org\/wp-content\/uploads\/2020\/04\/cursos-de-ascension-300x167.png\" alt=\"\" width=\"300\" height=\"167\" srcset=\"https:\/\/julioalonso.org\/wp-content\/uploads\/2020\/04\/cursos-de-ascension-300x167.png 300w, https:\/\/julioalonso.org\/wp-content\/uploads\/2020\/04\/cursos-de-ascension.png 563w\" sizes=\"auto, (max-width: 300px) 100vw, 300px\" \/><\/a><\/p>\n<div class=\"visitas\">\n<h3>Visites<\/h3>\n<div class=\"visitas\">\n<script type=\"text\/javascript\" src=\"\/\/rf.revolvermaps.com\/0\/0\/8.js?i=5xp60lvwme1&#038;m=0&#038;c=ff8a00&#038;cr1=fff600&#038;f=arial&#038;l=0&#038;s=340&#038;bv=80&#038;v0=10&#038;z=15&#038;rx=30&#038;lx=520&#038;ly=40\" async=\"async\"><\/script>\n<\/div>\n<\/div>\n<\/div>\n","protected":false},"excerpt":{"rendered":"<p>Prochaines activit\u00e9es ALCHIMIE L&rsquo;Alchimie est la Transformation de quelque chose de n\u00e9gatif en tr\u00e8s positif. C&rsquo;est la Transmutation de toute pens\u00e9e, de tout sentiment, de tout mot, de toute action, de tout \u00e9l\u00e9ment ou de tout objet en quelque chose de beaucoup plus \u00e9lev\u00e9, \u00e0 un niveaux Divin. Savoir plus&#8230; Videos &nbsp; Visites<\/p>\n","protected":false},"author":3,"featured_media":0,"parent":0,"menu_order":0,"comment_status":"closed","ping_status":"closed","template":"","meta":{"footnotes":""},"class_list":["post-2407","page","type-page","status-publish","hentry"],"yoast_head":"<!-- This site is optimized with the Yoast SEO plugin v26.8 - https:\/\/yoast.com\/product\/yoast-seo-wordpress\/ -->\n<title>home-FR - Julio Alonso - Cursos de Ascensi\u00f3n<\/title>\n<meta name=\"robots\" content=\"index, follow, max-snippet:-1, max-image-preview:large, max-video-preview:-1\" \/>\n<link rel=\"canonical\" href=\"https:\/\/julioalonso.org\/fr\" \/>\n<meta property=\"og:locale\" content=\"fr_FR\" \/>\n<meta property=\"og:type\" content=\"article\" \/>\n<meta property=\"og:title\" content=\"home-FR - Julio Alonso - Cursos de Ascensi\u00f3n\" \/>\n<meta property=\"og:description\" content=\"Prochaines activit\u00e9es ALCHIMIE L&rsquo;Alchimie est la Transformation de quelque chose de n\u00e9gatif en tr\u00e8s positif. C&rsquo;est la Transmutation de toute pens\u00e9e, de tout sentiment, de tout mot, de toute action, de tout \u00e9l\u00e9ment ou de tout objet en quelque chose de beaucoup plus \u00e9lev\u00e9, \u00e0 un niveaux Divin. Savoir plus... Videos &nbsp; Visites\" \/>\n<meta property=\"og:url\" content=\"https:\/\/julioalonso.org\/fr\" \/>\n<meta property=\"og:site_name\" content=\"Julio Alonso - Cursos de Ascensi\u00f3n\" \/>\n<meta property=\"article:publisher\" content=\"https:\/\/www.facebook.com\/julioalonso333\/\" \/>\n<meta property=\"article:modified_time\" content=\"2020-12-21T20:59:30+00:00\" \/>\n<meta property=\"og:image\" content=\"https:\/\/julioalonso.org\/wp-content\/uploads\/2017\/06\/mimision-fr.jpg\" \/>\n<meta name=\"twitter:card\" content=\"summary_large_image\" \/>\n<script type=\"application\/ld+json\" class=\"yoast-schema-graph\">{\"@context\":\"https:\/\/schema.org\",\"@graph\":[{\"@type\":\"WebPage\",\"@id\":\"https:\/\/julioalonso.org\/fr\",\"url\":\"https:\/\/julioalonso.org\/fr\",\"name\":\"home-FR - Julio Alonso - Cursos de Ascensi\u00f3n\",\"isPartOf\":{\"@id\":\"https:\/\/julioalonso.org\/#website\"},\"primaryImageOfPage\":{\"@id\":\"https:\/\/julioalonso.org\/fr#primaryimage\"},\"image\":{\"@id\":\"https:\/\/julioalonso.org\/fr#primaryimage\"},\"thumbnailUrl\":\"https:\/\/julioalonso.org\/wp-content\/uploads\/2017\/06\/mimision-fr.jpg\",\"datePublished\":\"2017-06-21T15:08:24+00:00\",\"dateModified\":\"2020-12-21T20:59:30+00:00\",\"breadcrumb\":{\"@id\":\"https:\/\/julioalonso.org\/fr#breadcrumb\"},\"inLanguage\":\"fr-FR\",\"potentialAction\":[{\"@type\":\"ReadAction\",\"target\":[\"https:\/\/julioalonso.org\/fr\"]}]},{\"@type\":\"ImageObject\",\"inLanguage\":\"fr-FR\",\"@id\":\"https:\/\/julioalonso.org\/fr#primaryimage\",\"url\":\"https:\/\/julioalonso.org\/wp-content\/uploads\/2017\/06\/mimision-fr.jpg\",\"contentUrl\":\"https:\/\/julioalonso.org\/wp-content\/uploads\/2017\/06\/mimision-fr.jpg\"},{\"@type\":\"BreadcrumbList\",\"@id\":\"https:\/\/julioalonso.org\/fr#breadcrumb\",\"itemListElement\":[{\"@type\":\"ListItem\",\"position\":1,\"name\":\"Portada\",\"item\":\"https:\/\/julioalonso.org\/fr\"},{\"@type\":\"ListItem\",\"position\":2,\"name\":\"home-FR\"}]},{\"@type\":\"WebSite\",\"@id\":\"https:\/\/julioalonso.org\/#website\",\"url\":\"https:\/\/julioalonso.org\/\",\"name\":\"Julio Alonso - Cursos de Ascensi\u00f3n\",\"description\":\"El Camino de la iluminaci\u00f3n a trav\u00e9s de la verdadera alquimia y llamas sagradas\",\"publisher\":{\"@id\":\"https:\/\/julioalonso.org\/#organization\"},\"potentialAction\":[{\"@type\":\"SearchAction\",\"target\":{\"@type\":\"EntryPoint\",\"urlTemplate\":\"https:\/\/julioalonso.org\/?s={search_term_string}\"},\"query-input\":{\"@type\":\"PropertyValueSpecification\",\"valueRequired\":true,\"valueName\":\"search_term_string\"}}],\"inLanguage\":\"fr-FR\"},{\"@type\":\"Organization\",\"@id\":\"https:\/\/julioalonso.org\/#organization\",\"name\":\"julioalonso.org\",\"url\":\"https:\/\/julioalonso.org\/\",\"logo\":{\"@type\":\"ImageObject\",\"inLanguage\":\"fr-FR\",\"@id\":\"https:\/\/julioalonso.org\/#\/schema\/logo\/image\/\",\"url\":\"https:\/\/julioalonso.org\/wp-content\/uploads\/2017\/06\/logo-footer.png\",\"contentUrl\":\"https:\/\/julioalonso.org\/wp-content\/uploads\/2017\/06\/logo-footer.png\",\"width\":228,\"height\":101,\"caption\":\"julioalonso.org\"},\"image\":{\"@id\":\"https:\/\/julioalonso.org\/#\/schema\/logo\/image\/\"},\"sameAs\":[\"https:\/\/www.facebook.com\/julioalonso333\/\",\"https:\/\/www.youtube.com\/user\/julioalonsomartinez\"]}]}<\/script>\n<!-- \/ Yoast SEO plugin. -->","yoast_head_json":{"title":"home-FR - Julio Alonso - Cursos de Ascensi\u00f3n","robots":{"index":"index","follow":"follow","max-snippet":"max-snippet:-1","max-image-preview":"max-image-preview:large","max-video-preview":"max-video-preview:-1"},"canonical":"https:\/\/julioalonso.org\/fr","og_locale":"fr_FR","og_type":"article","og_title":"home-FR - Julio Alonso - Cursos de Ascensi\u00f3n","og_description":"Prochaines activit\u00e9es ALCHIMIE L&rsquo;Alchimie est la Transformation de quelque chose de n\u00e9gatif en tr\u00e8s positif. C&rsquo;est la Transmutation de toute pens\u00e9e, de tout sentiment, de tout mot, de toute action, de tout \u00e9l\u00e9ment ou de tout objet en quelque chose de beaucoup plus \u00e9lev\u00e9, \u00e0 un niveaux Divin. Savoir plus... Videos &nbsp; Visites","og_url":"https:\/\/julioalonso.org\/fr","og_site_name":"Julio Alonso - Cursos de Ascensi\u00f3n","article_publisher":"https:\/\/www.facebook.com\/julioalonso333\/","article_modified_time":"2020-12-21T20:59:30+00:00","og_image":[{"url":"https:\/\/julioalonso.org\/wp-content\/uploads\/2017\/06\/mimision-fr.jpg","type":"","width":"","height":""}],"twitter_card":"summary_large_image","schema":{"@context":"https:\/\/schema.org","@graph":[{"@type":"WebPage","@id":"https:\/\/julioalonso.org\/fr","url":"https:\/\/julioalonso.org\/fr","name":"home-FR - Julio Alonso - Cursos de Ascensi\u00f3n","isPartOf":{"@id":"https:\/\/julioalonso.org\/#website"},"primaryImageOfPage":{"@id":"https:\/\/julioalonso.org\/fr#primaryimage"},"image":{"@id":"https:\/\/julioalonso.org\/fr#primaryimage"},"thumbnailUrl":"https:\/\/julioalonso.org\/wp-content\/uploads\/2017\/06\/mimision-fr.jpg","datePublished":"2017-06-21T15:08:24+00:00","dateModified":"2020-12-21T20:59:30+00:00","breadcrumb":{"@id":"https:\/\/julioalonso.org\/fr#breadcrumb"},"inLanguage":"fr-FR","potentialAction":[{"@type":"ReadAction","target":["https:\/\/julioalonso.org\/fr"]}]},{"@type":"ImageObject","inLanguage":"fr-FR","@id":"https:\/\/julioalonso.org\/fr#primaryimage","url":"https:\/\/julioalonso.org\/wp-content\/uploads\/2017\/06\/mimision-fr.jpg","contentUrl":"https:\/\/julioalonso.org\/wp-content\/uploads\/2017\/06\/mimision-fr.jpg"},{"@type":"BreadcrumbList","@id":"https:\/\/julioalonso.org\/fr#breadcrumb","itemListElement":[{"@type":"ListItem","position":1,"name":"Portada","item":"https:\/\/julioalonso.org\/fr"},{"@type":"ListItem","position":2,"name":"home-FR"}]},{"@type":"WebSite","@id":"https:\/\/julioalonso.org\/#website","url":"https:\/\/julioalonso.org\/","name":"Julio Alonso - Cursos de Ascensi\u00f3n","description":"El Camino de la iluminaci\u00f3n a trav\u00e9s de la verdadera alquimia y llamas sagradas","publisher":{"@id":"https:\/\/julioalonso.org\/#organization"},"potentialAction":[{"@type":"SearchAction","target":{"@type":"EntryPoint","urlTemplate":"https:\/\/julioalonso.org\/?s={search_term_string}"},"query-input":{"@type":"PropertyValueSpecification","valueRequired":true,"valueName":"search_term_string"}}],"inLanguage":"fr-FR"},{"@type":"Organization","@id":"https:\/\/julioalonso.org\/#organization","name":"julioalonso.org","url":"https:\/\/julioalonso.org\/","logo":{"@type":"ImageObject","inLanguage":"fr-FR","@id":"https:\/\/julioalonso.org\/#\/schema\/logo\/image\/","url":"https:\/\/julioalonso.org\/wp-content\/uploads\/2017\/06\/logo-footer.png","contentUrl":"https:\/\/julioalonso.org\/wp-content\/uploads\/2017\/06\/logo-footer.png","width":228,"height":101,"caption":"julioalonso.org"},"image":{"@id":"https:\/\/julioalonso.org\/#\/schema\/logo\/image\/"},"sameAs":["https:\/\/www.facebook.com\/julioalonso333\/","https:\/\/www.youtube.com\/user\/julioalonsomartinez"]}]}},"_links":{"self":[{"href":"https:\/\/julioalonso.org\/fr\/wp-json\/wp\/v2\/pages\/2407","targetHints":{"allow":["GET"]}}],"collection":[{"href":"https:\/\/julioalonso.org\/fr\/wp-json\/wp\/v2\/pages"}],"about":[{"href":"https:\/\/julioalonso.org\/fr\/wp-json\/wp\/v2\/types\/page"}],"author":[{"embeddable":true,"href":"https:\/\/julioalonso.org\/fr\/wp-json\/wp\/v2\/users\/3"}],"replies":[{"embeddable":true,"href":"https:\/\/julioalonso.org\/fr\/wp-json\/wp\/v2\/comments?post=2407"}],"version-history":[{"count":17,"href":"https:\/\/julioalonso.org\/fr\/wp-json\/wp\/v2\/pages\/2407\/revisions"}],"predecessor-version":[{"id":3894,"href":"https:\/\/julioalonso.org\/fr\/wp-json\/wp\/v2\/pages\/2407\/revisions\/3894"}],"wp:attachment":[{"href":"https:\/\/julioalonso.org\/fr\/wp-json\/wp\/v2\/media?parent=2407"}],"curies":[{"name":"wp","href":"https:\/\/api.w.org\/{rel}","templated":true}]}}