{"id":666,"date":"2017-07-13T07:43:33","date_gmt":"2017-07-13T07:43:33","guid":{"rendered":"http:\/\/julioalonso.org\/?page_id=666\/"},"modified":"2017-07-13T08:04:57","modified_gmt":"2017-07-13T08:04:57","slug":"cookies-policy","status":"publish","type":"page","link":"https:\/\/julioalonso.org\/en\/cookies-policy","title":{"rendered":"Cookies Policy"},"content":{"rendered":"<h3>Definici\u00f3n y funci\u00f3n de las cookies<\/h3>\n<p>Una cookie es un fichero que se descarga en su ordenador al acceder a determinadas p\u00e1ginas web. Las cookies permiten a una p\u00e1gina web, entre otras cosas, almacenar y recuperar informaci\u00f3n sobre los h\u00e1bitos de navegaci\u00f3n de un usuario o de su equipo y, dependiendo de la informaci\u00f3n que contengan y de la forma en que utilice su equipo, pueden utilizarse para reconocer al usuario. Las cookies son una parte primordial y esencial del correcto funcionamiento de nuestro sitio web.<\/p>\n<h3>Utilizamos:<\/h3>\n<p>\u2022 Cookies propias: Son aqu\u00e9llas que se env\u00edan al equipo terminal del usuario desde un equipo o dominio gestionado por el propio editor y desde el que se presta el servicio solicitado por el usuario.<br \/>\n\u2022 Cookies de tercero: Son aqu\u00e9llas que se env\u00edan al equipo terminal del usuario desde un equipo o dominio que no es gestionado por el editor, sino por otra entidad que trata los datos obtenidos a trav\u00e9s de las cookies.<br \/>\n\u2022 Cookies de sesi\u00f3n: Son un tipo de cookies dise\u00f1adas para recabar y almacenar datos mientras el usuario accede a una p\u00e1gina web.<br \/>\n\u2022 Cookies persistentes: Son un tipo de cookies en el que los datos siguen almacenados en el terminal y pueden ser accedidos y tratados durante un periodo definido por el responsable de la cookie, y que puede ir de unos minutos a varios a\u00f1os.<br \/>\n\u2022 Cookies de an\u00e1lisis: Son aqu\u00e9llas que bien tratadas por nosotros o por terceros, nos permiten cuantificar el n\u00famero de usuarios y as\u00ed realizar la medici\u00f3n y an\u00e1lisis estad\u00edstico de la utilizaci\u00f3n que hacen los usuarios del servicio ofertado. Para ello se analiza su navegaci\u00f3n en nuestra p\u00e1gina web con el fin de mejorar la oferta de productos o servicios que le ofrecemos.<br \/>\n\u2022 Cookies publicitarias: Son aqu\u00e9llas que permiten la gesti\u00f3n, de la forma m\u00e1s eficaz posible, de los espacios publicitarios que, en su caso, el editor haya incluido en una p\u00e1gina web, aplicaci\u00f3n o plataforma desde la que presta el servicio olicitado en base a criterios como el contenido editado o la frecuencia en la que se muestran los anuncios.<br \/>\n\u2022 Cookies de publicidad comportamental: Son aqu\u00e9llas que permiten la gesti\u00f3n, de la forma m\u00e1s eficaz posible, de los espacios publicitarios que, en su caso, el editor haya incluido en una p\u00e1gina web, aplicaci\u00f3n o plataforma desde la que presta el servicio solicitado. Estas cookies almacenan informaci\u00f3n del comportamiento de los usuarios obtenida a trav\u00e9s de la observaci\u00f3n continuada de sus h\u00e1bitos de navegaci\u00f3n, lo que permite desarrollar un perfil espec\u00edfico para mostrar publicidad en funci\u00f3n del mismo.<\/p>\n<p>Asimismo es posible que al visitar alguna pagina web o al abrir alg\u00fan email donde se publique alg\u00fan anuncio o alguna promoci\u00f3n sobre nuestros productos o servicios se instale en tu navegador alguna cookie que nos sirve para mostrarte posteriormente publicidad relacionada con la b\u00fasqueda que hayas realizado, desarrollar un control de nuestros anuncios en relaci\u00f3n, por ejemplo, con el n\u00famero de veces que son vistos, donde aparecen, a qu\u00e9 hora se ven, etc.<\/p>\n<p>Este sitio web no usa las cookies para almacenar informaci\u00f3n personal, tampoco para dirigir publicidad nuestra.<\/p>\n<p>&nbsp;<\/p>\n<h3>\u00bfQui\u00e9n usa las cookies de este sitio web?<\/h3>\n<p>La informaci\u00f3n que se almacena en la cookies es usada exclusivamente por nosotros. A excepci\u00f3n de Google analytics, que es usada y gestionada por google y por nosotros con fines estad\u00edsticos.<br \/>\nEs posible que al navegar por otras webs se publiciten anuncios de nuestros productos, la visualizaci\u00f3n de estos es gestionada a trav\u00e9s de datos obtenidos mediante cookies a las que este sitio web tiene acceso.<\/p>\n<h3>Desactivar cookies.<\/h3>\n<p>Usted puede desactivar las cookies. Sin embargo, si usted selecciona esta configuraci\u00f3n tendr\u00e1 dificultad para acceder a ciertas partes de nuestra p\u00e1gina web, tener una navegaci\u00f3n menos eficaz e incluso tener dificultad para realizar un pedido de forma correcta en este sitio web.<\/p>\n<p>Puede bloquear, restringir , borrar o establecer las cookies que quiere que funcionen en este sitio web mediante la configuraci\u00f3n de su navegador.<\/p>\n","protected":false},"excerpt":{"rendered":"<p>Definici\u00f3n y funci\u00f3n de las cookies Una cookie es un fichero que se descarga en su ordenador al acceder a determinadas p\u00e1ginas web. Las cookies permiten a una p\u00e1gina web, entre otras cosas, almacenar y recuperar informaci\u00f3n sobre los h\u00e1bitos de navegaci\u00f3n de un usuario o de su equipo y, dependiendo de la informaci\u00f3n que [&hellip;]<\/p>\n","protected":false},"author":2,"featured_media":0,"parent":0,"menu_order":0,"comment_status":"closed","ping_status":"closed","template":"","meta":{"footnotes":""},"class_list":["post-666","page","type-page","status-publish","hentry"],"yoast_head":"<!-- This site is optimized with the Yoast SEO plugin v26.8 - https:\/\/yoast.com\/product\/yoast-seo-wordpress\/ -->\n<title>Cookies Policy - Julio Alonso - Cursos de Ascensi\u00f3n<\/title>\n<meta name=\"robots\" content=\"index, follow, max-snippet:-1, max-image-preview:large, max-video-preview:-1\" \/>\n<link rel=\"canonical\" href=\"https:\/\/julioalonso.org\/en\/cookies-policy\" \/>\n<meta property=\"og:locale\" content=\"en_US\" \/>\n<meta property=\"og:type\" content=\"article\" \/>\n<meta property=\"og:title\" content=\"Cookies Policy - Julio Alonso - Cursos de Ascensi\u00f3n\" \/>\n<meta property=\"og:description\" content=\"Definici\u00f3n y funci\u00f3n de las cookies Una cookie es un fichero que se descarga en su ordenador al acceder a determinadas p\u00e1ginas web. Las cookies permiten a una p\u00e1gina web, entre otras cosas, almacenar y recuperar informaci\u00f3n sobre los h\u00e1bitos de navegaci\u00f3n de un usuario o de su equipo y, dependiendo de la informaci\u00f3n que [&hellip;]\" \/>\n<meta property=\"og:url\" content=\"https:\/\/julioalonso.org\/en\/cookies-policy\" \/>\n<meta property=\"og:site_name\" content=\"Julio Alonso - Cursos de Ascensi\u00f3n\" \/>\n<meta property=\"article:publisher\" content=\"https:\/\/www.facebook.com\/julioalonso333\/\" \/>\n<meta property=\"article:modified_time\" content=\"2017-07-13T08:04:57+00:00\" \/>\n<meta name=\"twitter:card\" content=\"summary_large_image\" \/>\n<meta name=\"twitter:label1\" content=\"Est. reading time\" \/>\n\t<meta name=\"twitter:data1\" content=\"4 minutes\" \/>\n<script type=\"application\/ld+json\" class=\"yoast-schema-graph\">{\"@context\":\"https:\/\/schema.org\",\"@graph\":[{\"@type\":\"WebPage\",\"@id\":\"https:\/\/julioalonso.org\/en\/cookies-policy\",\"url\":\"https:\/\/julioalonso.org\/en\/cookies-policy\",\"name\":\"Cookies Policy - Julio Alonso - Cursos de Ascensi\u00f3n\",\"isPartOf\":{\"@id\":\"https:\/\/julioalonso.org\/#website\"},\"datePublished\":\"2017-07-13T07:43:33+00:00\",\"dateModified\":\"2017-07-13T08:04:57+00:00\",\"breadcrumb\":{\"@id\":\"https:\/\/julioalonso.org\/en\/cookies-policy#breadcrumb\"},\"inLanguage\":\"en-US\",\"potentialAction\":[{\"@type\":\"ReadAction\",\"target\":[\"https:\/\/julioalonso.org\/en\/cookies-policy\"]}]},{\"@type\":\"BreadcrumbList\",\"@id\":\"https:\/\/julioalonso.org\/en\/cookies-policy#breadcrumb\",\"itemListElement\":[{\"@type\":\"ListItem\",\"position\":1,\"name\":\"Portada\",\"item\":\"https:\/\/julioalonso.org\/en\"},{\"@type\":\"ListItem\",\"position\":2,\"name\":\"Cookies Policy\"}]},{\"@type\":\"WebSite\",\"@id\":\"https:\/\/julioalonso.org\/#website\",\"url\":\"https:\/\/julioalonso.org\/\",\"name\":\"Julio Alonso - Cursos de Ascensi\u00f3n\",\"description\":\"El Camino de la iluminaci\u00f3n a trav\u00e9s de la verdadera alquimia y llamas sagradas\",\"publisher\":{\"@id\":\"https:\/\/julioalonso.org\/#organization\"},\"potentialAction\":[{\"@type\":\"SearchAction\",\"target\":{\"@type\":\"EntryPoint\",\"urlTemplate\":\"https:\/\/julioalonso.org\/?s={search_term_string}\"},\"query-input\":{\"@type\":\"PropertyValueSpecification\",\"valueRequired\":true,\"valueName\":\"search_term_string\"}}],\"inLanguage\":\"en-US\"},{\"@type\":\"Organization\",\"@id\":\"https:\/\/julioalonso.org\/#organization\",\"name\":\"julioalonso.org\",\"url\":\"https:\/\/julioalonso.org\/\",\"logo\":{\"@type\":\"ImageObject\",\"inLanguage\":\"en-US\",\"@id\":\"https:\/\/julioalonso.org\/#\/schema\/logo\/image\/\",\"url\":\"https:\/\/julioalonso.org\/wp-content\/uploads\/2017\/06\/logo-footer.png\",\"contentUrl\":\"https:\/\/julioalonso.org\/wp-content\/uploads\/2017\/06\/logo-footer.png\",\"width\":228,\"height\":101,\"caption\":\"julioalonso.org\"},\"image\":{\"@id\":\"https:\/\/julioalonso.org\/#\/schema\/logo\/image\/\"},\"sameAs\":[\"https:\/\/www.facebook.com\/julioalonso333\/\",\"https:\/\/www.youtube.com\/user\/julioalonsomartinez\"]}]}<\/script>\n<!-- \/ Yoast SEO plugin. -->","yoast_head_json":{"title":"Cookies Policy - Julio Alonso - Cursos de Ascensi\u00f3n","robots":{"index":"index","follow":"follow","max-snippet":"max-snippet:-1","max-image-preview":"max-image-preview:large","max-video-preview":"max-video-preview:-1"},"canonical":"https:\/\/julioalonso.org\/en\/cookies-policy","og_locale":"en_US","og_type":"article","og_title":"Cookies Policy - Julio Alonso - Cursos de Ascensi\u00f3n","og_description":"Definici\u00f3n y funci\u00f3n de las cookies Una cookie es un fichero que se descarga en su ordenador al acceder a determinadas p\u00e1ginas web. Las cookies permiten a una p\u00e1gina web, entre otras cosas, almacenar y recuperar informaci\u00f3n sobre los h\u00e1bitos de navegaci\u00f3n de un usuario o de su equipo y, dependiendo de la informaci\u00f3n que [&hellip;]","og_url":"https:\/\/julioalonso.org\/en\/cookies-policy","og_site_name":"Julio Alonso - Cursos de Ascensi\u00f3n","article_publisher":"https:\/\/www.facebook.com\/julioalonso333\/","article_modified_time":"2017-07-13T08:04:57+00:00","twitter_card":"summary_large_image","twitter_misc":{"Est. reading time":"4 minutes"},"schema":{"@context":"https:\/\/schema.org","@graph":[{"@type":"WebPage","@id":"https:\/\/julioalonso.org\/en\/cookies-policy","url":"https:\/\/julioalonso.org\/en\/cookies-policy","name":"Cookies Policy - Julio Alonso - Cursos de Ascensi\u00f3n","isPartOf":{"@id":"https:\/\/julioalonso.org\/#website"},"datePublished":"2017-07-13T07:43:33+00:00","dateModified":"2017-07-13T08:04:57+00:00","breadcrumb":{"@id":"https:\/\/julioalonso.org\/en\/cookies-policy#breadcrumb"},"inLanguage":"en-US","potentialAction":[{"@type":"ReadAction","target":["https:\/\/julioalonso.org\/en\/cookies-policy"]}]},{"@type":"BreadcrumbList","@id":"https:\/\/julioalonso.org\/en\/cookies-policy#breadcrumb","itemListElement":[{"@type":"ListItem","position":1,"name":"Portada","item":"https:\/\/julioalonso.org\/en"},{"@type":"ListItem","position":2,"name":"Cookies Policy"}]},{"@type":"WebSite","@id":"https:\/\/julioalonso.org\/#website","url":"https:\/\/julioalonso.org\/","name":"Julio Alonso - Cursos de Ascensi\u00f3n","description":"El Camino de la iluminaci\u00f3n a trav\u00e9s de la verdadera alquimia y llamas sagradas","publisher":{"@id":"https:\/\/julioalonso.org\/#organization"},"potentialAction":[{"@type":"SearchAction","target":{"@type":"EntryPoint","urlTemplate":"https:\/\/julioalonso.org\/?s={search_term_string}"},"query-input":{"@type":"PropertyValueSpecification","valueRequired":true,"valueName":"search_term_string"}}],"inLanguage":"en-US"},{"@type":"Organization","@id":"https:\/\/julioalonso.org\/#organization","name":"julioalonso.org","url":"https:\/\/julioalonso.org\/","logo":{"@type":"ImageObject","inLanguage":"en-US","@id":"https:\/\/julioalonso.org\/#\/schema\/logo\/image\/","url":"https:\/\/julioalonso.org\/wp-content\/uploads\/2017\/06\/logo-footer.png","contentUrl":"https:\/\/julioalonso.org\/wp-content\/uploads\/2017\/06\/logo-footer.png","width":228,"height":101,"caption":"julioalonso.org"},"image":{"@id":"https:\/\/julioalonso.org\/#\/schema\/logo\/image\/"},"sameAs":["https:\/\/www.facebook.com\/julioalonso333\/","https:\/\/www.youtube.com\/user\/julioalonsomartinez"]}]}},"_links":{"self":[{"href":"https:\/\/julioalonso.org\/en\/wp-json\/wp\/v2\/pages\/666","targetHints":{"allow":["GET"]}}],"collection":[{"href":"https:\/\/julioalonso.org\/en\/wp-json\/wp\/v2\/pages"}],"about":[{"href":"https:\/\/julioalonso.org\/en\/wp-json\/wp\/v2\/types\/page"}],"author":[{"embeddable":true,"href":"https:\/\/julioalonso.org\/en\/wp-json\/wp\/v2\/users\/2"}],"replies":[{"embeddable":true,"href":"https:\/\/julioalonso.org\/en\/wp-json\/wp\/v2\/comments?post=666"}],"version-history":[{"count":1,"href":"https:\/\/julioalonso.org\/en\/wp-json\/wp\/v2\/pages\/666\/revisions"}],"predecessor-version":[{"id":667,"href":"https:\/\/julioalonso.org\/en\/wp-json\/wp\/v2\/pages\/666\/revisions\/667"}],"wp:attachment":[{"href":"https:\/\/julioalonso.org\/en\/wp-json\/wp\/v2\/media?parent=666"}],"curies":[{"name":"wp","href":"https:\/\/api.w.org\/{rel}","templated":true}]}}