{"id":340,"date":"2017-06-21T15:08:24","date_gmt":"2017-06-21T15:08:24","guid":{"rendered":"http:\/\/julioalonso.org\/?page_id=340\/"},"modified":"2020-12-21T20:58:46","modified_gmt":"2020-12-21T20:58:46","slug":"inicio","status":"publish","type":"page","link":"https:\/\/julioalonso.org\/en","title":{"rendered":"Home"},"content":{"rendered":"<div class=\"mimision\"><a href=\"\/en\/my-mission\/\"><img decoding=\"async\" src=\"https:\/\/julioalonso.org\/wp-content\/uploads\/2017\/06\/mimision-en.jpg\" alt=\"My mission\" \/><\/a><\/div>\n<div class=\"col-md-8\">\n<h2 style=\"text-align: center;\">ALCHEMY<\/h2>\n<p>&nbsp;<\/p>\n<p>The Alchemy is the transformation of something negative to something highly positive. It is the transformation of any thought, feeling, word, action, element or object to something far much elevated, to something divine. Alchemy is an attribute or quality of God of the Violet Flame which is purple-red or violet.<br \/>\n<a href=\"https:\/\/julioalonso.org\/en\/alchemy\">Read more&#8230;<\/a><\/p>\n<figure id=\"attachment_1541\" aria-describedby=\"caption-attachment-1541\" style=\"width: 605px\" class=\"wp-caption aligncenter\"><img loading=\"lazy\" decoding=\"async\" class=\"full-width wp-image-1542\" src=\"https:\/\/julioalonso.org\/wp-content\/uploads\/2017\/07\/3_02.gif\" alt=\"\" width=\"605\" height=\"447\" \/><figcaption id=\"caption-attachment-1541\" class=\"wp-caption-text\">Original work by Duguay<\/figcaption><\/figure>\n<\/div>\n<div class=\"col-md-4\"><div class=\"top-widget\"><h2 class=\"widgettitle\">Agenda<\/h2>\n<script type=\"text\/javascript\">\/\/<!--\r\nvar dc_subjects = \"\";var dc_locations = \"\";\r\n\/\/-->\r\n<\/script>\r\n<link href=\"https:\/\/julioalonso.org\/wp-content\/plugins\/cp-multi-view-calendar\/DC_MultiViewCal\/css\/cupertino\/calendar.css\" type=\"text\/css\" rel=\"stylesheet\" \/>\r\n<link href=\"https:\/\/julioalonso.org\/wp-content\/plugins\/cp-multi-view-calendar\/DC_MultiViewCal\/css\/main.css\" type=\"text\/css\" rel=\"stylesheet\" \/>\r\n<noscript>The CP Multi View Event Calendar requires JavaScript enabled<\/noscript>\r\n <div style=\"z-index:1000;\" id=\"multicalendar\">\r\n    <div id=\"cal2_0\" class=\"multicalendar\"><\/div>\r\n <\/div>        \r\n <div style=\"clear:both;\"><\/div> \r\n\r\n<\/div><\/p>\n<h3>Videos<\/h3>\n<p>&nbsp;<\/p>\n<p><a href=\"https:\/\/www.youtube.com\/user\/julioalonsomartinez\" target=\"_blank\" rel=\"noopener noreferrer\"><img loading=\"lazy\" decoding=\"async\" class=\"alignnone wp-image-3743 size-medium\" src=\"https:\/\/julioalonso.org\/wp-content\/uploads\/2020\/04\/cursos-de-ascension-300x167.png\" alt=\"\" width=\"300\" height=\"167\" srcset=\"https:\/\/julioalonso.org\/wp-content\/uploads\/2020\/04\/cursos-de-ascension-300x167.png 300w, https:\/\/julioalonso.org\/wp-content\/uploads\/2020\/04\/cursos-de-ascension.png 563w\" sizes=\"auto, (max-width: 300px) 100vw, 300px\" \/><\/a><\/p>\n<div class=\"visitas\">\n<h3>Visits<\/h3>\n<div class=\"visitas\">\n<script type=\"text\/javascript\" src=\"\/\/rf.revolvermaps.com\/0\/0\/8.js?i=5xp60lvwme1&#038;m=0&#038;c=ff8a00&#038;cr1=fff600&#038;f=arial&#038;l=0&#038;s=340&#038;bv=80&#038;v0=10&#038;z=15&#038;rx=30&#038;lx=520&#038;ly=40\" async=\"async\"><\/script>\n<\/div>\n<\/div>\n<\/div>\n","protected":false},"excerpt":{"rendered":"<p>ALCHEMY &nbsp; The Alchemy is the transformation of something negative to something highly positive. It is the transformation of any thought, feeling, word, action, element or object to something far much elevated, to something divine. Alchemy is an attribute or quality of God of the Violet Flame which is purple-red or violet. Read more&#8230; Videos [&hellip;]<\/p>\n","protected":false},"author":6,"featured_media":0,"parent":0,"menu_order":0,"comment_status":"closed","ping_status":"closed","template":"","meta":{"footnotes":""},"class_list":["post-340","page","type-page","status-publish","hentry"],"yoast_head":"<!-- This site is optimized with the Yoast SEO plugin v26.8 - https:\/\/yoast.com\/product\/yoast-seo-wordpress\/ -->\n<title>Julio Alonso - El camino de la iluminaci\u00f3n<\/title>\n<meta name=\"description\" content=\"Cursos de ascensi\u00f3n a la quinta dimensi\u00f3n, numerolog\u00eda, alquimia planetaria, Llamas sagradas, canalizaciones.\" \/>\n<meta name=\"robots\" content=\"index, follow, max-snippet:-1, max-image-preview:large, max-video-preview:-1\" \/>\n<link rel=\"canonical\" href=\"https:\/\/julioalonso.org\/en\" \/>\n<meta property=\"og:locale\" content=\"en_US\" \/>\n<meta property=\"og:type\" content=\"article\" \/>\n<meta property=\"og:title\" content=\"Julio Alonso - El camino de la iluminaci\u00f3n\" \/>\n<meta property=\"og:description\" content=\"Cursos de ascensi\u00f3n a la quinta dimensi\u00f3n, numerolog\u00eda, alquimia planetaria, Llamas sagradas, canalizaciones.\" \/>\n<meta property=\"og:url\" content=\"https:\/\/julioalonso.org\/en\" \/>\n<meta property=\"og:site_name\" content=\"Julio Alonso - Cursos de Ascensi\u00f3n\" \/>\n<meta property=\"article:publisher\" content=\"https:\/\/www.facebook.com\/julioalonso333\/\" \/>\n<meta property=\"article:modified_time\" content=\"2020-12-21T20:58:46+00:00\" \/>\n<meta property=\"og:image\" content=\"https:\/\/julioalonso.org\/wp-content\/uploads\/2017\/06\/mimision-en.jpg\" \/>\n<meta name=\"twitter:card\" content=\"summary_large_image\" \/>\n<script type=\"application\/ld+json\" class=\"yoast-schema-graph\">{\"@context\":\"https:\/\/schema.org\",\"@graph\":[{\"@type\":\"WebPage\",\"@id\":\"https:\/\/julioalonso.org\/en\",\"url\":\"https:\/\/julioalonso.org\/en\",\"name\":\"Julio Alonso - El camino de la iluminaci\u00f3n\",\"isPartOf\":{\"@id\":\"https:\/\/julioalonso.org\/#website\"},\"primaryImageOfPage\":{\"@id\":\"https:\/\/julioalonso.org\/en#primaryimage\"},\"image\":{\"@id\":\"https:\/\/julioalonso.org\/en#primaryimage\"},\"thumbnailUrl\":\"https:\/\/julioalonso.org\/wp-content\/uploads\/2017\/06\/mimision-en.jpg\",\"datePublished\":\"2017-06-21T15:08:24+00:00\",\"dateModified\":\"2020-12-21T20:58:46+00:00\",\"description\":\"Cursos de ascensi\u00f3n a la quinta dimensi\u00f3n, numerolog\u00eda, alquimia planetaria, Llamas sagradas, canalizaciones.\",\"breadcrumb\":{\"@id\":\"https:\/\/julioalonso.org\/en#breadcrumb\"},\"inLanguage\":\"en-US\",\"potentialAction\":[{\"@type\":\"ReadAction\",\"target\":[\"https:\/\/julioalonso.org\/en\"]}]},{\"@type\":\"ImageObject\",\"inLanguage\":\"en-US\",\"@id\":\"https:\/\/julioalonso.org\/en#primaryimage\",\"url\":\"https:\/\/julioalonso.org\/wp-content\/uploads\/2017\/06\/mimision-en.jpg\",\"contentUrl\":\"https:\/\/julioalonso.org\/wp-content\/uploads\/2017\/06\/mimision-en.jpg\"},{\"@type\":\"BreadcrumbList\",\"@id\":\"https:\/\/julioalonso.org\/en#breadcrumb\",\"itemListElement\":[{\"@type\":\"ListItem\",\"position\":1,\"name\":\"Portada\",\"item\":\"https:\/\/julioalonso.org\/en\"},{\"@type\":\"ListItem\",\"position\":2,\"name\":\"Home\"}]},{\"@type\":\"WebSite\",\"@id\":\"https:\/\/julioalonso.org\/#website\",\"url\":\"https:\/\/julioalonso.org\/\",\"name\":\"Julio Alonso - Cursos de Ascensi\u00f3n\",\"description\":\"El Camino de la iluminaci\u00f3n a trav\u00e9s de la verdadera alquimia y llamas sagradas\",\"publisher\":{\"@id\":\"https:\/\/julioalonso.org\/#organization\"},\"potentialAction\":[{\"@type\":\"SearchAction\",\"target\":{\"@type\":\"EntryPoint\",\"urlTemplate\":\"https:\/\/julioalonso.org\/?s={search_term_string}\"},\"query-input\":{\"@type\":\"PropertyValueSpecification\",\"valueRequired\":true,\"valueName\":\"search_term_string\"}}],\"inLanguage\":\"en-US\"},{\"@type\":\"Organization\",\"@id\":\"https:\/\/julioalonso.org\/#organization\",\"name\":\"julioalonso.org\",\"url\":\"https:\/\/julioalonso.org\/\",\"logo\":{\"@type\":\"ImageObject\",\"inLanguage\":\"en-US\",\"@id\":\"https:\/\/julioalonso.org\/#\/schema\/logo\/image\/\",\"url\":\"https:\/\/julioalonso.org\/wp-content\/uploads\/2017\/06\/logo-footer.png\",\"contentUrl\":\"https:\/\/julioalonso.org\/wp-content\/uploads\/2017\/06\/logo-footer.png\",\"width\":228,\"height\":101,\"caption\":\"julioalonso.org\"},\"image\":{\"@id\":\"https:\/\/julioalonso.org\/#\/schema\/logo\/image\/\"},\"sameAs\":[\"https:\/\/www.facebook.com\/julioalonso333\/\",\"https:\/\/www.youtube.com\/user\/julioalonsomartinez\"]}]}<\/script>\n<!-- \/ Yoast SEO plugin. -->","yoast_head_json":{"title":"Julio Alonso - El camino de la iluminaci\u00f3n","description":"Cursos de ascensi\u00f3n a la quinta dimensi\u00f3n, numerolog\u00eda, alquimia planetaria, Llamas sagradas, canalizaciones.","robots":{"index":"index","follow":"follow","max-snippet":"max-snippet:-1","max-image-preview":"max-image-preview:large","max-video-preview":"max-video-preview:-1"},"canonical":"https:\/\/julioalonso.org\/en","og_locale":"en_US","og_type":"article","og_title":"Julio Alonso - El camino de la iluminaci\u00f3n","og_description":"Cursos de ascensi\u00f3n a la quinta dimensi\u00f3n, numerolog\u00eda, alquimia planetaria, Llamas sagradas, canalizaciones.","og_url":"https:\/\/julioalonso.org\/en","og_site_name":"Julio Alonso - Cursos de Ascensi\u00f3n","article_publisher":"https:\/\/www.facebook.com\/julioalonso333\/","article_modified_time":"2020-12-21T20:58:46+00:00","og_image":[{"url":"https:\/\/julioalonso.org\/wp-content\/uploads\/2017\/06\/mimision-en.jpg","type":"","width":"","height":""}],"twitter_card":"summary_large_image","schema":{"@context":"https:\/\/schema.org","@graph":[{"@type":"WebPage","@id":"https:\/\/julioalonso.org\/en","url":"https:\/\/julioalonso.org\/en","name":"Julio Alonso - El camino de la iluminaci\u00f3n","isPartOf":{"@id":"https:\/\/julioalonso.org\/#website"},"primaryImageOfPage":{"@id":"https:\/\/julioalonso.org\/en#primaryimage"},"image":{"@id":"https:\/\/julioalonso.org\/en#primaryimage"},"thumbnailUrl":"https:\/\/julioalonso.org\/wp-content\/uploads\/2017\/06\/mimision-en.jpg","datePublished":"2017-06-21T15:08:24+00:00","dateModified":"2020-12-21T20:58:46+00:00","description":"Cursos de ascensi\u00f3n a la quinta dimensi\u00f3n, numerolog\u00eda, alquimia planetaria, Llamas sagradas, canalizaciones.","breadcrumb":{"@id":"https:\/\/julioalonso.org\/en#breadcrumb"},"inLanguage":"en-US","potentialAction":[{"@type":"ReadAction","target":["https:\/\/julioalonso.org\/en"]}]},{"@type":"ImageObject","inLanguage":"en-US","@id":"https:\/\/julioalonso.org\/en#primaryimage","url":"https:\/\/julioalonso.org\/wp-content\/uploads\/2017\/06\/mimision-en.jpg","contentUrl":"https:\/\/julioalonso.org\/wp-content\/uploads\/2017\/06\/mimision-en.jpg"},{"@type":"BreadcrumbList","@id":"https:\/\/julioalonso.org\/en#breadcrumb","itemListElement":[{"@type":"ListItem","position":1,"name":"Portada","item":"https:\/\/julioalonso.org\/en"},{"@type":"ListItem","position":2,"name":"Home"}]},{"@type":"WebSite","@id":"https:\/\/julioalonso.org\/#website","url":"https:\/\/julioalonso.org\/","name":"Julio Alonso - Cursos de Ascensi\u00f3n","description":"El Camino de la iluminaci\u00f3n a trav\u00e9s de la verdadera alquimia y llamas sagradas","publisher":{"@id":"https:\/\/julioalonso.org\/#organization"},"potentialAction":[{"@type":"SearchAction","target":{"@type":"EntryPoint","urlTemplate":"https:\/\/julioalonso.org\/?s={search_term_string}"},"query-input":{"@type":"PropertyValueSpecification","valueRequired":true,"valueName":"search_term_string"}}],"inLanguage":"en-US"},{"@type":"Organization","@id":"https:\/\/julioalonso.org\/#organization","name":"julioalonso.org","url":"https:\/\/julioalonso.org\/","logo":{"@type":"ImageObject","inLanguage":"en-US","@id":"https:\/\/julioalonso.org\/#\/schema\/logo\/image\/","url":"https:\/\/julioalonso.org\/wp-content\/uploads\/2017\/06\/logo-footer.png","contentUrl":"https:\/\/julioalonso.org\/wp-content\/uploads\/2017\/06\/logo-footer.png","width":228,"height":101,"caption":"julioalonso.org"},"image":{"@id":"https:\/\/julioalonso.org\/#\/schema\/logo\/image\/"},"sameAs":["https:\/\/www.facebook.com\/julioalonso333\/","https:\/\/www.youtube.com\/user\/julioalonsomartinez"]}]}},"_links":{"self":[{"href":"https:\/\/julioalonso.org\/en\/wp-json\/wp\/v2\/pages\/340","targetHints":{"allow":["GET"]}}],"collection":[{"href":"https:\/\/julioalonso.org\/en\/wp-json\/wp\/v2\/pages"}],"about":[{"href":"https:\/\/julioalonso.org\/en\/wp-json\/wp\/v2\/types\/page"}],"author":[{"embeddable":true,"href":"https:\/\/julioalonso.org\/en\/wp-json\/wp\/v2\/users\/6"}],"replies":[{"embeddable":true,"href":"https:\/\/julioalonso.org\/en\/wp-json\/wp\/v2\/comments?post=340"}],"version-history":[{"count":20,"href":"https:\/\/julioalonso.org\/en\/wp-json\/wp\/v2\/pages\/340\/revisions"}],"predecessor-version":[{"id":3127,"href":"https:\/\/julioalonso.org\/en\/wp-json\/wp\/v2\/pages\/340\/revisions\/3127"}],"wp:attachment":[{"href":"https:\/\/julioalonso.org\/en\/wp-json\/wp\/v2\/media?parent=340"}],"curies":[{"name":"wp","href":"https:\/\/api.w.org\/{rel}","templated":true}]}}