{"id":2828,"date":"2017-09-18T10:29:37","date_gmt":"2017-09-18T10:29:37","guid":{"rendered":"https:\/\/julioalonso.org\/servicios"},"modified":"2018-11-12T18:19:52","modified_gmt":"2018-11-12T18:19:52","slug":"servicios","status":"publish","type":"page","link":"https:\/\/julioalonso.org\/en\/servicios","title":{"rendered":"Services"},"content":{"rendered":"<figure id=\"attachment_1689\" aria-describedby=\"caption-attachment-1689\" style=\"width: 575px\" class=\"wp-caption aligncenter\"><img loading=\"lazy\" decoding=\"async\" class=\"full-width wp-image-1689 size-full\" src=\"https:\/\/julioalonso.org\/wp-content\/uploads\/2017\/09\/10_03.gif\" alt=\"\" width=\"575\" height=\"409\" \/><figcaption id=\"caption-attachment-1689\" class=\"wp-caption-text\">Original work by Duguay<\/figcaption><\/figure>\n<p>Those who have attended the courses and feel in their heart that they want to selflessly help one-off, or serve during a period of time, we have created different ways to do it. Also, for those who still haven\u2019t done the course due to lack of money but have the intention to attend in the future, have the chance to cooperate.<\/p>\n<h3 style=\"text-align: center;\"><strong>Team of Ascension<\/strong><\/h3>\n<p>The Team of Ascension consists of 11 + 1 people. They are 11 persons who help me and cooperate in the endevour of spreading and sharing this knowledge to all people in Spain and all over the world.<\/p>\n<h3><\/h3>\n<h3 style=\"text-align: center;\"><strong>Team of Promoters<\/strong><\/h3>\n<p>All those who desire to spread and offer the courses in their city or country can accomplish this service.<\/p>\n<h3><\/h3>\n<h3 style=\"text-align: center;\"><strong>WhatsApp Net of Ascension<\/strong><\/h3>\n","protected":false},"excerpt":{"rendered":"<p>Those who have attended the courses and feel in their heart that they want to selflessly help one-off, or serve during a period of time, we have created different ways to do it. Also, for those who still haven\u2019t done the course due to lack of money but have the intention to attend in the [&hellip;]<\/p>\n","protected":false},"author":2,"featured_media":0,"parent":0,"menu_order":0,"comment_status":"closed","ping_status":"closed","template":"","meta":{"footnotes":""},"class_list":["post-2828","page","type-page","status-publish","hentry"],"yoast_head":"<!-- This site is optimized with the Yoast SEO plugin v26.8 - https:\/\/yoast.com\/product\/yoast-seo-wordpress\/ -->\n<title>Services - Julio Alonso - Cursos de Ascensi\u00f3n<\/title>\n<meta name=\"robots\" content=\"index, follow, max-snippet:-1, max-image-preview:large, max-video-preview:-1\" \/>\n<link rel=\"canonical\" href=\"https:\/\/julioalonso.org\/en\/servicios\" \/>\n<meta property=\"og:locale\" content=\"en_US\" \/>\n<meta property=\"og:type\" content=\"article\" \/>\n<meta property=\"og:title\" content=\"Services - Julio Alonso - Cursos de Ascensi\u00f3n\" \/>\n<meta property=\"og:description\" content=\"Those who have attended the courses and feel in their heart that they want to selflessly help one-off, or serve during a period of time, we have created different ways to do it. Also, for those who still haven\u2019t done the course due to lack of money but have the intention to attend in the [&hellip;]\" \/>\n<meta property=\"og:url\" content=\"https:\/\/julioalonso.org\/en\/servicios\" \/>\n<meta property=\"og:site_name\" content=\"Julio Alonso - Cursos de Ascensi\u00f3n\" \/>\n<meta property=\"article:publisher\" content=\"https:\/\/www.facebook.com\/julioalonso333\/\" \/>\n<meta property=\"article:modified_time\" content=\"2018-11-12T18:19:52+00:00\" \/>\n<meta property=\"og:image\" content=\"https:\/\/julioalonso.org\/wp-content\/uploads\/2017\/09\/10_03.gif\" \/>\n<meta name=\"twitter:card\" content=\"summary_large_image\" \/>\n<meta name=\"twitter:label1\" content=\"Est. reading time\" \/>\n\t<meta name=\"twitter:data1\" content=\"1 minute\" \/>\n<script type=\"application\/ld+json\" class=\"yoast-schema-graph\">{\"@context\":\"https:\/\/schema.org\",\"@graph\":[{\"@type\":\"WebPage\",\"@id\":\"https:\/\/julioalonso.org\/en\/servicios\",\"url\":\"https:\/\/julioalonso.org\/en\/servicios\",\"name\":\"Services - Julio Alonso - Cursos de Ascensi\u00f3n\",\"isPartOf\":{\"@id\":\"https:\/\/julioalonso.org\/#website\"},\"primaryImageOfPage\":{\"@id\":\"https:\/\/julioalonso.org\/en\/servicios#primaryimage\"},\"image\":{\"@id\":\"https:\/\/julioalonso.org\/en\/servicios#primaryimage\"},\"thumbnailUrl\":\"https:\/\/julioalonso.org\/wp-content\/uploads\/2017\/09\/10_03.gif\",\"datePublished\":\"2017-09-18T10:29:37+00:00\",\"dateModified\":\"2018-11-12T18:19:52+00:00\",\"breadcrumb\":{\"@id\":\"https:\/\/julioalonso.org\/en\/servicios#breadcrumb\"},\"inLanguage\":\"en-US\",\"potentialAction\":[{\"@type\":\"ReadAction\",\"target\":[\"https:\/\/julioalonso.org\/en\/servicios\"]}]},{\"@type\":\"ImageObject\",\"inLanguage\":\"en-US\",\"@id\":\"https:\/\/julioalonso.org\/en\/servicios#primaryimage\",\"url\":\"https:\/\/julioalonso.org\/wp-content\/uploads\/2017\/09\/10_03.gif\",\"contentUrl\":\"https:\/\/julioalonso.org\/wp-content\/uploads\/2017\/09\/10_03.gif\"},{\"@type\":\"BreadcrumbList\",\"@id\":\"https:\/\/julioalonso.org\/en\/servicios#breadcrumb\",\"itemListElement\":[{\"@type\":\"ListItem\",\"position\":1,\"name\":\"Portada\",\"item\":\"https:\/\/julioalonso.org\/en\"},{\"@type\":\"ListItem\",\"position\":2,\"name\":\"Services\"}]},{\"@type\":\"WebSite\",\"@id\":\"https:\/\/julioalonso.org\/#website\",\"url\":\"https:\/\/julioalonso.org\/\",\"name\":\"Julio Alonso - Cursos de Ascensi\u00f3n\",\"description\":\"El Camino de la iluminaci\u00f3n a trav\u00e9s de la verdadera alquimia y llamas sagradas\",\"publisher\":{\"@id\":\"https:\/\/julioalonso.org\/#organization\"},\"potentialAction\":[{\"@type\":\"SearchAction\",\"target\":{\"@type\":\"EntryPoint\",\"urlTemplate\":\"https:\/\/julioalonso.org\/?s={search_term_string}\"},\"query-input\":{\"@type\":\"PropertyValueSpecification\",\"valueRequired\":true,\"valueName\":\"search_term_string\"}}],\"inLanguage\":\"en-US\"},{\"@type\":\"Organization\",\"@id\":\"https:\/\/julioalonso.org\/#organization\",\"name\":\"julioalonso.org\",\"url\":\"https:\/\/julioalonso.org\/\",\"logo\":{\"@type\":\"ImageObject\",\"inLanguage\":\"en-US\",\"@id\":\"https:\/\/julioalonso.org\/#\/schema\/logo\/image\/\",\"url\":\"https:\/\/julioalonso.org\/wp-content\/uploads\/2017\/06\/logo-footer.png\",\"contentUrl\":\"https:\/\/julioalonso.org\/wp-content\/uploads\/2017\/06\/logo-footer.png\",\"width\":228,\"height\":101,\"caption\":\"julioalonso.org\"},\"image\":{\"@id\":\"https:\/\/julioalonso.org\/#\/schema\/logo\/image\/\"},\"sameAs\":[\"https:\/\/www.facebook.com\/julioalonso333\/\",\"https:\/\/www.youtube.com\/user\/julioalonsomartinez\"]}]}<\/script>\n<!-- \/ Yoast SEO plugin. -->","yoast_head_json":{"title":"Services - Julio Alonso - Cursos de Ascensi\u00f3n","robots":{"index":"index","follow":"follow","max-snippet":"max-snippet:-1","max-image-preview":"max-image-preview:large","max-video-preview":"max-video-preview:-1"},"canonical":"https:\/\/julioalonso.org\/en\/servicios","og_locale":"en_US","og_type":"article","og_title":"Services - Julio Alonso - Cursos de Ascensi\u00f3n","og_description":"Those who have attended the courses and feel in their heart that they want to selflessly help one-off, or serve during a period of time, we have created different ways to do it. Also, for those who still haven\u2019t done the course due to lack of money but have the intention to attend in the [&hellip;]","og_url":"https:\/\/julioalonso.org\/en\/servicios","og_site_name":"Julio Alonso - Cursos de Ascensi\u00f3n","article_publisher":"https:\/\/www.facebook.com\/julioalonso333\/","article_modified_time":"2018-11-12T18:19:52+00:00","og_image":[{"url":"https:\/\/julioalonso.org\/wp-content\/uploads\/2017\/09\/10_03.gif","type":"","width":"","height":""}],"twitter_card":"summary_large_image","twitter_misc":{"Est. reading time":"1 minute"},"schema":{"@context":"https:\/\/schema.org","@graph":[{"@type":"WebPage","@id":"https:\/\/julioalonso.org\/en\/servicios","url":"https:\/\/julioalonso.org\/en\/servicios","name":"Services - Julio Alonso - Cursos de Ascensi\u00f3n","isPartOf":{"@id":"https:\/\/julioalonso.org\/#website"},"primaryImageOfPage":{"@id":"https:\/\/julioalonso.org\/en\/servicios#primaryimage"},"image":{"@id":"https:\/\/julioalonso.org\/en\/servicios#primaryimage"},"thumbnailUrl":"https:\/\/julioalonso.org\/wp-content\/uploads\/2017\/09\/10_03.gif","datePublished":"2017-09-18T10:29:37+00:00","dateModified":"2018-11-12T18:19:52+00:00","breadcrumb":{"@id":"https:\/\/julioalonso.org\/en\/servicios#breadcrumb"},"inLanguage":"en-US","potentialAction":[{"@type":"ReadAction","target":["https:\/\/julioalonso.org\/en\/servicios"]}]},{"@type":"ImageObject","inLanguage":"en-US","@id":"https:\/\/julioalonso.org\/en\/servicios#primaryimage","url":"https:\/\/julioalonso.org\/wp-content\/uploads\/2017\/09\/10_03.gif","contentUrl":"https:\/\/julioalonso.org\/wp-content\/uploads\/2017\/09\/10_03.gif"},{"@type":"BreadcrumbList","@id":"https:\/\/julioalonso.org\/en\/servicios#breadcrumb","itemListElement":[{"@type":"ListItem","position":1,"name":"Portada","item":"https:\/\/julioalonso.org\/en"},{"@type":"ListItem","position":2,"name":"Services"}]},{"@type":"WebSite","@id":"https:\/\/julioalonso.org\/#website","url":"https:\/\/julioalonso.org\/","name":"Julio Alonso - Cursos de Ascensi\u00f3n","description":"El Camino de la iluminaci\u00f3n a trav\u00e9s de la verdadera alquimia y llamas sagradas","publisher":{"@id":"https:\/\/julioalonso.org\/#organization"},"potentialAction":[{"@type":"SearchAction","target":{"@type":"EntryPoint","urlTemplate":"https:\/\/julioalonso.org\/?s={search_term_string}"},"query-input":{"@type":"PropertyValueSpecification","valueRequired":true,"valueName":"search_term_string"}}],"inLanguage":"en-US"},{"@type":"Organization","@id":"https:\/\/julioalonso.org\/#organization","name":"julioalonso.org","url":"https:\/\/julioalonso.org\/","logo":{"@type":"ImageObject","inLanguage":"en-US","@id":"https:\/\/julioalonso.org\/#\/schema\/logo\/image\/","url":"https:\/\/julioalonso.org\/wp-content\/uploads\/2017\/06\/logo-footer.png","contentUrl":"https:\/\/julioalonso.org\/wp-content\/uploads\/2017\/06\/logo-footer.png","width":228,"height":101,"caption":"julioalonso.org"},"image":{"@id":"https:\/\/julioalonso.org\/#\/schema\/logo\/image\/"},"sameAs":["https:\/\/www.facebook.com\/julioalonso333\/","https:\/\/www.youtube.com\/user\/julioalonsomartinez"]}]}},"_links":{"self":[{"href":"https:\/\/julioalonso.org\/en\/wp-json\/wp\/v2\/pages\/2828","targetHints":{"allow":["GET"]}}],"collection":[{"href":"https:\/\/julioalonso.org\/en\/wp-json\/wp\/v2\/pages"}],"about":[{"href":"https:\/\/julioalonso.org\/en\/wp-json\/wp\/v2\/types\/page"}],"author":[{"embeddable":true,"href":"https:\/\/julioalonso.org\/en\/wp-json\/wp\/v2\/users\/2"}],"replies":[{"embeddable":true,"href":"https:\/\/julioalonso.org\/en\/wp-json\/wp\/v2\/comments?post=2828"}],"version-history":[{"count":2,"href":"https:\/\/julioalonso.org\/en\/wp-json\/wp\/v2\/pages\/2828\/revisions"}],"predecessor-version":[{"id":2830,"href":"https:\/\/julioalonso.org\/en\/wp-json\/wp\/v2\/pages\/2828\/revisions\/2830"}],"wp:attachment":[{"href":"https:\/\/julioalonso.org\/en\/wp-json\/wp\/v2\/media?parent=2828"}],"curies":[{"name":"wp","href":"https:\/\/api.w.org\/{rel}","templated":true}]}}