{"id":2820,"date":"2017-08-21T08:16:47","date_gmt":"2017-08-21T08:16:47","guid":{"rendered":"https:\/\/julioalonso.org\/espiritualmente-millonario"},"modified":"2018-11-13T14:14:15","modified_gmt":"2018-11-13T14:14:15","slug":"spiritually-millionaire","status":"publish","type":"page","link":"https:\/\/julioalonso.org\/en\/spiritually-millionaire","title":{"rendered":"Spiritually Millionaire"},"content":{"rendered":"<p><img loading=\"lazy\" decoding=\"async\" class=\"aligncenter wp-image-1236 size-full\" style=\"margin-top: 0;\" src=\"https:\/\/julioalonso.org\/wp-content\/uploads\/2017\/08\/cartel-cuadrado-sin-texto-adicional.jpg\" alt=\"\" width=\"842\" height=\"842\" srcset=\"https:\/\/julioalonso.org\/wp-content\/uploads\/2017\/08\/cartel-cuadrado-sin-texto-adicional.jpg 842w, https:\/\/julioalonso.org\/wp-content\/uploads\/2017\/08\/cartel-cuadrado-sin-texto-adicional-150x150.jpg 150w, https:\/\/julioalonso.org\/wp-content\/uploads\/2017\/08\/cartel-cuadrado-sin-texto-adicional-300x300.jpg 300w, https:\/\/julioalonso.org\/wp-content\/uploads\/2017\/08\/cartel-cuadrado-sin-texto-adicional-768x768.jpg 768w\" sizes=\"auto, (max-width: 842px) 100vw, 842px\" \/><\/p>\n<p>I have organized these 3 events in Madrid, Barcelona and Valencia because God asked me to do so, who wants to transmit everybody a message making the bells of conscience and love ring in the heart of all Humankind.<\/p>\n<p>After serving God during 6 years and 6 months, I started to receive gifts and divine messages on a continuing basis and through them God told me how he wanted me to serve him in this moment. First of all, I was told to inform all the Initiated in the process of Ascension or Illumination about all these messages, \u00a0and after I had to organize these events in order to inform all people about what happened, what is happening and what will happen in the near future.<\/p>\n<p>In this event I will talk about how spitiruality relates with money, about the causes that are still financially limiting people, especially awakened people. I will expose some of the dreams related with the money that people who assisted to the Ascension courses have received in this last year and how they show what\u00a0 has already started to manifest on the planet. About how God has brought money to my life and how He is now bringing it to yours. Especially, I will talk about what we are going to experience in Spain and on Earth, and the importance of Spain for the rest of the world. About our agreements with God and with Humankind in this specific moment. The true meaning of the new money, the cryptocurrency. And also about a range of a different issues concerning spirituality and money.<\/p>\n<p>This event is a one and only opportunity in which I will give this message of God in these 3 cities. That is why the event of <strong>Espiritualmente Millonario in Barcelona will be broadcast LIVE for all people that won\u2019t be able to assist.<\/strong><\/p>\n<p>Book your ticket for the event in Barcelona: espiritualmentemillonario2@gmail.com<\/p>\n<div class=\"separator\" style=\"clear: both; text-align: center;\"><iframe loading=\"lazy\" src=\"https:\/\/www.youtube.com\/embed\/7cvihcq-xH4?rel=0\" width=\"800\" height=\"600\" frameborder=\"0\" allowfullscreen=\"allowfullscreen\"><\/iframe><\/div>\n<p>Note: the conference in Madrid changed date to the 23rd of September.<\/p>\n<p>Those who will assist to one of the 3 events will experience a blessing of Divine Grace in their life.<\/p>\n<p>Open your mind.<br \/>\nOpen your heart.<br \/>\nOpen yourself to prosperity, abbundance, wealth and opulence of God. Is here now.<\/p>\n<p style=\"text-align: center;\"><strong>TICKETS: 10 \u20ac<\/strong><\/p>\n<p>Send an e-mail with your name and surname to the e-mail address related to the city of the event you want to assist to and you will receive an account number where you can make the payment. Please, put your name, surname and the city (to allow us to identify you at the entrance). Finally, send a copy of the receipt to the same e-mail to book your entrance.<\/p>\n<p>Those who cannot pay by transfer, will be able to pay at the entrance.<\/p>\n<h2>Events<\/h2>\n<p style=\"text-align: center;\"><span style=\"color: #008000;\"><strong>Madrid<\/strong><\/span><br \/>\n<span style=\"color: #008000;\"> Saturday 23rd of September 2017<\/span><br \/>\n<span style=\"color: #008000;\"> Ateneo de Madrid<\/span><br \/>\n<span style=\"color: #008000;\"> Sal\u00f3n de Actos<\/span><br \/>\n<span style=\"color: #008000;\"> c\/Prado, 21<\/span><br \/>\n<span style=\"color: #008000;\"> espiritualmentemillonario1@gmail.com<\/span><\/p>\n<p style=\"text-align: center;\"><span style=\"color: #333399;\"><strong>Barcelona<\/strong><\/span><br \/>\n<span style=\"color: #333399;\"> Saturday 30th of September 2017<\/span><br \/>\n<span style=\"color: #333399;\"> Hotel Alimara<\/span><br \/>\n<span style=\"color: #333399;\"> Sala Mediterranea<\/span><br \/>\n<span style=\"color: #333399;\"> c\/Berruguete, 126<\/span><br \/>\n<span style=\"color: #333399;\"> espiritualmentemillonario2@gmail.com<\/span><\/p>\n<p style=\"text-align: center;\"><span style=\"color: #333399;\"><strong>E<\/strong><\/span><\/p>\n<p><span style=\"color: #0000ff;\"><strong>Espiritualmente Millonario in Barcelona will also<\/strong><\/span><span style=\"color: #333399;\"><strong>\u00a0be broadcasted ONLINE\u00a0for all people who won\u2019t be able to assist<\/strong><\/span><\/p>\n<p style=\"text-align: center;\"><span style=\"color: #800080;\"><strong>Valencia<\/strong><\/span><br \/>\n<span style=\"color: #800080;\"> Saturday 7th of October 2017<\/span><br \/>\n<span style=\"color: #800080;\"> Hotel Senator Parque Central<\/span><br \/>\n<span style=\"color: #800080;\"> Sala J\u00facar<\/span><br \/>\n<span style=\"color: #800080;\"> Plaza Manuel Sanch\u00eds Guarner, 1<\/span><br \/>\n<span style=\"color: #800080;\"> espiritualmentemillonario3@gmail.com<\/span><\/p>\n<p style=\"text-align: left;\"><b>Agenda<\/b>:<\/p>\n<ul>\n<li>Espiritualmente millonario<\/li>\n<li>\u00bfWhich quality and Flame of God is reflected by money?<\/li>\n<li>The Universal Law that attracts money.<\/li>\n<li>\u00bfWhat does the money reflect?\u00bfWhat kind of trauma do we have with money?<\/li>\n<li>10 dreams of 10 different people related with money<\/li>\n<li>\u00bfHow has God brought money to my life?<\/li>\n<li>\u00bfWhen is the planet going to change and specifically Spain?<\/li>\n<li>A message of God about cryptocurrency, etc.<\/li>\n<\/ul>\n<p><strong>Timetable:<\/strong><\/p>\n<p>Entrance: at 16:30 h<br \/>\nStart: at 17:00 h<br \/>\nFinish: at 20:00 h<\/p>\n<p><strong>Contact:<\/strong><br \/>\nCell phone: 608 40 97 25 (Silvia) \u2013 651 02 23 31 (Lara)<\/p>\n<p><strong>Madrid<\/strong>: espiritualmentemillonario1@gmail.com<\/p>\n<p><strong>Barcelona<\/strong>: espiritualmentemillonario2@gmail.com<\/p>\n<p><strong>Valencia<\/strong>: espiritualmentemillonario3@gmail.com<\/p>\n","protected":false},"excerpt":{"rendered":"<p>I have organized these 3 events in Madrid, Barcelona and Valencia because God asked me to do so, who wants to transmit everybody a message making the bells of conscience and love ring in the heart of all Humankind. After serving God during 6 years and 6 months, I started to receive gifts and divine [&hellip;]<\/p>\n","protected":false},"author":2,"featured_media":0,"parent":0,"menu_order":0,"comment_status":"closed","ping_status":"closed","template":"","meta":{"footnotes":""},"class_list":["post-2820","page","type-page","status-publish","hentry"],"yoast_head":"<!-- This site is optimized with the Yoast SEO plugin v26.8 - https:\/\/yoast.com\/product\/yoast-seo-wordpress\/ -->\n<title>Spiritually Millionaire - Julio Alonso - Cursos de Ascensi\u00f3n<\/title>\n<meta name=\"robots\" content=\"index, follow, max-snippet:-1, max-image-preview:large, max-video-preview:-1\" \/>\n<link rel=\"canonical\" href=\"https:\/\/julioalonso.org\/en\/spiritually-millionaire\" \/>\n<meta property=\"og:locale\" content=\"en_US\" \/>\n<meta property=\"og:type\" content=\"article\" \/>\n<meta property=\"og:title\" content=\"Spiritually Millionaire - Julio Alonso - Cursos de Ascensi\u00f3n\" \/>\n<meta property=\"og:description\" content=\"I have organized these 3 events in Madrid, Barcelona and Valencia because God asked me to do so, who wants to transmit everybody a message making the bells of conscience and love ring in the heart of all Humankind. After serving God during 6 years and 6 months, I started to receive gifts and divine [&hellip;]\" \/>\n<meta property=\"og:url\" content=\"https:\/\/julioalonso.org\/en\/spiritually-millionaire\" \/>\n<meta property=\"og:site_name\" content=\"Julio Alonso - Cursos de Ascensi\u00f3n\" \/>\n<meta property=\"article:publisher\" content=\"https:\/\/www.facebook.com\/julioalonso333\/\" \/>\n<meta property=\"article:modified_time\" content=\"2018-11-13T14:14:15+00:00\" \/>\n<meta property=\"og:image\" content=\"https:\/\/julioalonso.org\/wp-content\/uploads\/2017\/08\/cartel-cuadrado-sin-texto-adicional.jpg\" \/>\n<meta name=\"twitter:card\" content=\"summary_large_image\" \/>\n<meta name=\"twitter:label1\" content=\"Est. reading time\" \/>\n\t<meta name=\"twitter:data1\" content=\"3 minutes\" \/>\n<script type=\"application\/ld+json\" class=\"yoast-schema-graph\">{\"@context\":\"https:\/\/schema.org\",\"@graph\":[{\"@type\":\"WebPage\",\"@id\":\"https:\/\/julioalonso.org\/en\/spiritually-millionaire\",\"url\":\"https:\/\/julioalonso.org\/en\/spiritually-millionaire\",\"name\":\"Spiritually Millionaire - Julio Alonso - Cursos de Ascensi\u00f3n\",\"isPartOf\":{\"@id\":\"https:\/\/julioalonso.org\/#website\"},\"primaryImageOfPage\":{\"@id\":\"https:\/\/julioalonso.org\/en\/spiritually-millionaire#primaryimage\"},\"image\":{\"@id\":\"https:\/\/julioalonso.org\/en\/spiritually-millionaire#primaryimage\"},\"thumbnailUrl\":\"https:\/\/julioalonso.org\/wp-content\/uploads\/2017\/08\/cartel-cuadrado-sin-texto-adicional.jpg\",\"datePublished\":\"2017-08-21T08:16:47+00:00\",\"dateModified\":\"2018-11-13T14:14:15+00:00\",\"breadcrumb\":{\"@id\":\"https:\/\/julioalonso.org\/en\/spiritually-millionaire#breadcrumb\"},\"inLanguage\":\"en-US\",\"potentialAction\":[{\"@type\":\"ReadAction\",\"target\":[\"https:\/\/julioalonso.org\/en\/spiritually-millionaire\"]}]},{\"@type\":\"ImageObject\",\"inLanguage\":\"en-US\",\"@id\":\"https:\/\/julioalonso.org\/en\/spiritually-millionaire#primaryimage\",\"url\":\"https:\/\/julioalonso.org\/wp-content\/uploads\/2017\/08\/cartel-cuadrado-sin-texto-adicional.jpg\",\"contentUrl\":\"https:\/\/julioalonso.org\/wp-content\/uploads\/2017\/08\/cartel-cuadrado-sin-texto-adicional.jpg\"},{\"@type\":\"BreadcrumbList\",\"@id\":\"https:\/\/julioalonso.org\/en\/spiritually-millionaire#breadcrumb\",\"itemListElement\":[{\"@type\":\"ListItem\",\"position\":1,\"name\":\"Portada\",\"item\":\"https:\/\/julioalonso.org\/en\"},{\"@type\":\"ListItem\",\"position\":2,\"name\":\"Spiritually Millionaire\"}]},{\"@type\":\"WebSite\",\"@id\":\"https:\/\/julioalonso.org\/#website\",\"url\":\"https:\/\/julioalonso.org\/\",\"name\":\"Julio Alonso - Cursos de Ascensi\u00f3n\",\"description\":\"El Camino de la iluminaci\u00f3n a trav\u00e9s de la verdadera alquimia y llamas sagradas\",\"publisher\":{\"@id\":\"https:\/\/julioalonso.org\/#organization\"},\"potentialAction\":[{\"@type\":\"SearchAction\",\"target\":{\"@type\":\"EntryPoint\",\"urlTemplate\":\"https:\/\/julioalonso.org\/?s={search_term_string}\"},\"query-input\":{\"@type\":\"PropertyValueSpecification\",\"valueRequired\":true,\"valueName\":\"search_term_string\"}}],\"inLanguage\":\"en-US\"},{\"@type\":\"Organization\",\"@id\":\"https:\/\/julioalonso.org\/#organization\",\"name\":\"julioalonso.org\",\"url\":\"https:\/\/julioalonso.org\/\",\"logo\":{\"@type\":\"ImageObject\",\"inLanguage\":\"en-US\",\"@id\":\"https:\/\/julioalonso.org\/#\/schema\/logo\/image\/\",\"url\":\"https:\/\/julioalonso.org\/wp-content\/uploads\/2017\/06\/logo-footer.png\",\"contentUrl\":\"https:\/\/julioalonso.org\/wp-content\/uploads\/2017\/06\/logo-footer.png\",\"width\":228,\"height\":101,\"caption\":\"julioalonso.org\"},\"image\":{\"@id\":\"https:\/\/julioalonso.org\/#\/schema\/logo\/image\/\"},\"sameAs\":[\"https:\/\/www.facebook.com\/julioalonso333\/\",\"https:\/\/www.youtube.com\/user\/julioalonsomartinez\"]}]}<\/script>\n<!-- \/ Yoast SEO plugin. -->","yoast_head_json":{"title":"Spiritually Millionaire - Julio Alonso - Cursos de Ascensi\u00f3n","robots":{"index":"index","follow":"follow","max-snippet":"max-snippet:-1","max-image-preview":"max-image-preview:large","max-video-preview":"max-video-preview:-1"},"canonical":"https:\/\/julioalonso.org\/en\/spiritually-millionaire","og_locale":"en_US","og_type":"article","og_title":"Spiritually Millionaire - Julio Alonso - Cursos de Ascensi\u00f3n","og_description":"I have organized these 3 events in Madrid, Barcelona and Valencia because God asked me to do so, who wants to transmit everybody a message making the bells of conscience and love ring in the heart of all Humankind. After serving God during 6 years and 6 months, I started to receive gifts and divine [&hellip;]","og_url":"https:\/\/julioalonso.org\/en\/spiritually-millionaire","og_site_name":"Julio Alonso - Cursos de Ascensi\u00f3n","article_publisher":"https:\/\/www.facebook.com\/julioalonso333\/","article_modified_time":"2018-11-13T14:14:15+00:00","og_image":[{"url":"https:\/\/julioalonso.org\/wp-content\/uploads\/2017\/08\/cartel-cuadrado-sin-texto-adicional.jpg","type":"","width":"","height":""}],"twitter_card":"summary_large_image","twitter_misc":{"Est. reading time":"3 minutes"},"schema":{"@context":"https:\/\/schema.org","@graph":[{"@type":"WebPage","@id":"https:\/\/julioalonso.org\/en\/spiritually-millionaire","url":"https:\/\/julioalonso.org\/en\/spiritually-millionaire","name":"Spiritually Millionaire - Julio Alonso - Cursos de Ascensi\u00f3n","isPartOf":{"@id":"https:\/\/julioalonso.org\/#website"},"primaryImageOfPage":{"@id":"https:\/\/julioalonso.org\/en\/spiritually-millionaire#primaryimage"},"image":{"@id":"https:\/\/julioalonso.org\/en\/spiritually-millionaire#primaryimage"},"thumbnailUrl":"https:\/\/julioalonso.org\/wp-content\/uploads\/2017\/08\/cartel-cuadrado-sin-texto-adicional.jpg","datePublished":"2017-08-21T08:16:47+00:00","dateModified":"2018-11-13T14:14:15+00:00","breadcrumb":{"@id":"https:\/\/julioalonso.org\/en\/spiritually-millionaire#breadcrumb"},"inLanguage":"en-US","potentialAction":[{"@type":"ReadAction","target":["https:\/\/julioalonso.org\/en\/spiritually-millionaire"]}]},{"@type":"ImageObject","inLanguage":"en-US","@id":"https:\/\/julioalonso.org\/en\/spiritually-millionaire#primaryimage","url":"https:\/\/julioalonso.org\/wp-content\/uploads\/2017\/08\/cartel-cuadrado-sin-texto-adicional.jpg","contentUrl":"https:\/\/julioalonso.org\/wp-content\/uploads\/2017\/08\/cartel-cuadrado-sin-texto-adicional.jpg"},{"@type":"BreadcrumbList","@id":"https:\/\/julioalonso.org\/en\/spiritually-millionaire#breadcrumb","itemListElement":[{"@type":"ListItem","position":1,"name":"Portada","item":"https:\/\/julioalonso.org\/en"},{"@type":"ListItem","position":2,"name":"Spiritually Millionaire"}]},{"@type":"WebSite","@id":"https:\/\/julioalonso.org\/#website","url":"https:\/\/julioalonso.org\/","name":"Julio Alonso - Cursos de Ascensi\u00f3n","description":"El Camino de la iluminaci\u00f3n a trav\u00e9s de la verdadera alquimia y llamas sagradas","publisher":{"@id":"https:\/\/julioalonso.org\/#organization"},"potentialAction":[{"@type":"SearchAction","target":{"@type":"EntryPoint","urlTemplate":"https:\/\/julioalonso.org\/?s={search_term_string}"},"query-input":{"@type":"PropertyValueSpecification","valueRequired":true,"valueName":"search_term_string"}}],"inLanguage":"en-US"},{"@type":"Organization","@id":"https:\/\/julioalonso.org\/#organization","name":"julioalonso.org","url":"https:\/\/julioalonso.org\/","logo":{"@type":"ImageObject","inLanguage":"en-US","@id":"https:\/\/julioalonso.org\/#\/schema\/logo\/image\/","url":"https:\/\/julioalonso.org\/wp-content\/uploads\/2017\/06\/logo-footer.png","contentUrl":"https:\/\/julioalonso.org\/wp-content\/uploads\/2017\/06\/logo-footer.png","width":228,"height":101,"caption":"julioalonso.org"},"image":{"@id":"https:\/\/julioalonso.org\/#\/schema\/logo\/image\/"},"sameAs":["https:\/\/www.facebook.com\/julioalonso333\/","https:\/\/www.youtube.com\/user\/julioalonsomartinez"]}]}},"_links":{"self":[{"href":"https:\/\/julioalonso.org\/en\/wp-json\/wp\/v2\/pages\/2820","targetHints":{"allow":["GET"]}}],"collection":[{"href":"https:\/\/julioalonso.org\/en\/wp-json\/wp\/v2\/pages"}],"about":[{"href":"https:\/\/julioalonso.org\/en\/wp-json\/wp\/v2\/types\/page"}],"author":[{"embeddable":true,"href":"https:\/\/julioalonso.org\/en\/wp-json\/wp\/v2\/users\/2"}],"replies":[{"embeddable":true,"href":"https:\/\/julioalonso.org\/en\/wp-json\/wp\/v2\/comments?post=2820"}],"version-history":[{"count":1,"href":"https:\/\/julioalonso.org\/en\/wp-json\/wp\/v2\/pages\/2820\/revisions"}],"predecessor-version":[{"id":2823,"href":"https:\/\/julioalonso.org\/en\/wp-json\/wp\/v2\/pages\/2820\/revisions\/2823"}],"wp:attachment":[{"href":"https:\/\/julioalonso.org\/en\/wp-json\/wp\/v2\/media?parent=2820"}],"curies":[{"name":"wp","href":"https:\/\/api.w.org\/{rel}","templated":true}]}}