{"id":2794,"date":"2012-09-26T17:36:00","date_gmt":"2012-09-26T17:36:00","guid":{"rendered":"https:\/\/julioalonso.org\/ascension"},"modified":"2018-11-09T13:47:11","modified_gmt":"2018-11-09T13:47:11","slug":"ascension","status":"publish","type":"page","link":"https:\/\/julioalonso.org\/en\/ascension","title":{"rendered":"Ascension"},"content":{"rendered":"<div class=\"members-access-error\">Este contenido es s\u00f3lo para usuarios registrados.<\/p>\n<p><div class=\"top-widget\"><p>Por favor, accede al sitio.<\/p>\n<div class=\"members-login-form\"><form name=\"loginform\" id=\"loginform\" action=\"https:\/\/julioalonso.org\/wp-login.php\" method=\"post\"><p class=\"login-username\">\n\t\t\t\t<label for=\"user_login\">Usuario<\/label>\n\t\t\t\t<input type=\"text\" name=\"log\" id=\"user_login\" autocomplete=\"username\" class=\"input\" value=\"\" size=\"20\" \/>\n\t\t\t<\/p><p class=\"login-password\">\n\t\t\t\t<label for=\"user_pass\">Contrase\u00f1a<\/label>\n\t\t\t\t<input type=\"password\" name=\"pwd\" id=\"user_pass\" autocomplete=\"current-password\" spellcheck=\"false\" class=\"input\" value=\"\" size=\"20\" \/>\n\t\t\t<\/p><p class=\"login-remember\"><label><input name=\"rememberme\" type=\"checkbox\" id=\"rememberme\" value=\"forever\" \/> Recu\u00e9rdame<\/label><\/p><p class=\"login-submit\">\n\t\t\t\t<input type=\"submit\" name=\"wp-submit\" id=\"wp-submit\" class=\"button button-primary\" value=\"Acceder\" \/>\n\t\t\t\t<input type=\"hidden\" name=\"redirect_to\" value=\"https:\/\/julioalonso.org\/en\/wp-json\/wp\/v2\/pages\/2794\" \/>\n\t\t\t<\/p><\/form><\/div><\/div><\/p><\/div>\n","protected":false},"excerpt":{"rendered":"<div class=\"members-access-error\">Este contenido es s\u00f3lo para usuarios registrados.<\/p>\n<p><div class=\"top-widget\"><p>Por favor, accede al sitio.<\/p>\n<div class=\"members-login-form\"><form name=\"loginform\" id=\"loginform\" action=\"https:\/\/julioalonso.org\/wp-login.php\" method=\"post\"><p class=\"login-username\">\n\t\t\t\t<label for=\"user_login\">Usuario<\/label>\n\t\t\t\t<input type=\"text\" name=\"log\" id=\"user_login\" autocomplete=\"username\" class=\"input\" value=\"\" size=\"20\" \/>\n\t\t\t<\/p><p class=\"login-password\">\n\t\t\t\t<label for=\"user_pass\">Contrase\u00f1a<\/label>\n\t\t\t\t<input type=\"password\" name=\"pwd\" id=\"user_pass\" autocomplete=\"current-password\" spellcheck=\"false\" class=\"input\" value=\"\" size=\"20\" \/>\n\t\t\t<\/p><p class=\"login-remember\"><label><input name=\"rememberme\" type=\"checkbox\" id=\"rememberme\" value=\"forever\" \/> Recu\u00e9rdame<\/label><\/p><p class=\"login-submit\">\n\t\t\t\t<input type=\"submit\" name=\"wp-submit\" id=\"wp-submit\" class=\"button button-primary\" value=\"Acceder\" \/>\n\t\t\t\t<input type=\"hidden\" name=\"redirect_to\" value=\"https:\/\/julioalonso.org\/en\/wp-json\/wp\/v2\/pages\/2794\" \/>\n\t\t\t<\/p><\/form><\/div><\/div><\/p><\/div>\n","protected":false},"author":6,"featured_media":0,"parent":0,"menu_order":0,"comment_status":"closed","ping_status":"closed","template":"","meta":{"footnotes":""},"class_list":["post-2794","page","type-page","status-publish","hentry"],"yoast_head":"<!-- This site is optimized with the Yoast SEO plugin v26.8 - https:\/\/yoast.com\/product\/yoast-seo-wordpress\/ -->\n<title>Ascension - Julio Alonso - Cursos de Ascensi\u00f3n<\/title>\n<meta name=\"robots\" content=\"index, follow, max-snippet:-1, max-image-preview:large, max-video-preview:-1\" \/>\n<link rel=\"canonical\" href=\"https:\/\/julioalonso.org\/en\/ascension\" \/>\n<meta property=\"og:locale\" content=\"en_US\" \/>\n<meta property=\"og:type\" content=\"article\" \/>\n<meta property=\"og:title\" content=\"Ascension - Julio Alonso - Cursos de Ascensi\u00f3n\" \/>\n<meta property=\"og:description\" content=\"Este contenido es s\u00f3lo para usuarios registrados. Por favor, accede al sitio.   Usuario       Contrase\u00f1a     Recu\u00e9rdame\" \/>\n<meta property=\"og:url\" content=\"https:\/\/julioalonso.org\/en\/ascension\" \/>\n<meta property=\"og:site_name\" content=\"Julio Alonso - Cursos de Ascensi\u00f3n\" \/>\n<meta property=\"article:publisher\" content=\"https:\/\/www.facebook.com\/julioalonso333\/\" \/>\n<meta property=\"article:modified_time\" content=\"2018-11-09T13:47:11+00:00\" \/>\n<meta property=\"og:image\" content=\"https:\/\/julioalonso.org\/wp-content\/uploads\/2012\/09\/6_02.gif\" \/>\n<meta name=\"twitter:card\" content=\"summary_large_image\" \/>\n<meta name=\"twitter:label1\" content=\"Est. reading time\" \/>\n\t<meta name=\"twitter:data1\" content=\"5 minutes\" \/>\n<script type=\"application\/ld+json\" class=\"yoast-schema-graph\">{\"@context\":\"https:\/\/schema.org\",\"@graph\":[{\"@type\":\"WebPage\",\"@id\":\"https:\/\/julioalonso.org\/en\/ascension\",\"url\":\"https:\/\/julioalonso.org\/en\/ascension\",\"name\":\"Ascension - Julio Alonso - Cursos de Ascensi\u00f3n\",\"isPartOf\":{\"@id\":\"https:\/\/julioalonso.org\/#website\"},\"primaryImageOfPage\":{\"@id\":\"https:\/\/julioalonso.org\/en\/ascension#primaryimage\"},\"image\":{\"@id\":\"https:\/\/julioalonso.org\/en\/ascension#primaryimage\"},\"thumbnailUrl\":\"https:\/\/julioalonso.org\/wp-content\/uploads\/2012\/09\/6_02.gif\",\"datePublished\":\"2012-09-26T17:36:00+00:00\",\"dateModified\":\"2018-11-09T13:47:11+00:00\",\"breadcrumb\":{\"@id\":\"https:\/\/julioalonso.org\/en\/ascension#breadcrumb\"},\"inLanguage\":\"en-US\",\"potentialAction\":[{\"@type\":\"ReadAction\",\"target\":[\"https:\/\/julioalonso.org\/en\/ascension\"]}]},{\"@type\":\"ImageObject\",\"inLanguage\":\"en-US\",\"@id\":\"https:\/\/julioalonso.org\/en\/ascension#primaryimage\",\"url\":\"https:\/\/julioalonso.org\/wp-content\/uploads\/2012\/09\/6_02.gif\",\"contentUrl\":\"https:\/\/julioalonso.org\/wp-content\/uploads\/2012\/09\/6_02.gif\"},{\"@type\":\"BreadcrumbList\",\"@id\":\"https:\/\/julioalonso.org\/en\/ascension#breadcrumb\",\"itemListElement\":[{\"@type\":\"ListItem\",\"position\":1,\"name\":\"Portada\",\"item\":\"https:\/\/julioalonso.org\/en\"},{\"@type\":\"ListItem\",\"position\":2,\"name\":\"Ascension\"}]},{\"@type\":\"WebSite\",\"@id\":\"https:\/\/julioalonso.org\/#website\",\"url\":\"https:\/\/julioalonso.org\/\",\"name\":\"Julio Alonso - Cursos de Ascensi\u00f3n\",\"description\":\"El Camino de la iluminaci\u00f3n a trav\u00e9s de la verdadera alquimia y llamas sagradas\",\"publisher\":{\"@id\":\"https:\/\/julioalonso.org\/#organization\"},\"potentialAction\":[{\"@type\":\"SearchAction\",\"target\":{\"@type\":\"EntryPoint\",\"urlTemplate\":\"https:\/\/julioalonso.org\/?s={search_term_string}\"},\"query-input\":{\"@type\":\"PropertyValueSpecification\",\"valueRequired\":true,\"valueName\":\"search_term_string\"}}],\"inLanguage\":\"en-US\"},{\"@type\":\"Organization\",\"@id\":\"https:\/\/julioalonso.org\/#organization\",\"name\":\"julioalonso.org\",\"url\":\"https:\/\/julioalonso.org\/\",\"logo\":{\"@type\":\"ImageObject\",\"inLanguage\":\"en-US\",\"@id\":\"https:\/\/julioalonso.org\/#\/schema\/logo\/image\/\",\"url\":\"https:\/\/julioalonso.org\/wp-content\/uploads\/2017\/06\/logo-footer.png\",\"contentUrl\":\"https:\/\/julioalonso.org\/wp-content\/uploads\/2017\/06\/logo-footer.png\",\"width\":228,\"height\":101,\"caption\":\"julioalonso.org\"},\"image\":{\"@id\":\"https:\/\/julioalonso.org\/#\/schema\/logo\/image\/\"},\"sameAs\":[\"https:\/\/www.facebook.com\/julioalonso333\/\",\"https:\/\/www.youtube.com\/user\/julioalonsomartinez\"]}]}<\/script>\n<!-- \/ Yoast SEO plugin. -->","yoast_head_json":{"title":"Ascension - Julio Alonso - Cursos de Ascensi\u00f3n","robots":{"index":"index","follow":"follow","max-snippet":"max-snippet:-1","max-image-preview":"max-image-preview:large","max-video-preview":"max-video-preview:-1"},"canonical":"https:\/\/julioalonso.org\/en\/ascension","og_locale":"en_US","og_type":"article","og_title":"Ascension - Julio Alonso - Cursos de Ascensi\u00f3n","og_description":"Este contenido es s\u00f3lo para usuarios registrados. Por favor, accede al sitio.   Usuario       Contrase\u00f1a     Recu\u00e9rdame","og_url":"https:\/\/julioalonso.org\/en\/ascension","og_site_name":"Julio Alonso - Cursos de Ascensi\u00f3n","article_publisher":"https:\/\/www.facebook.com\/julioalonso333\/","article_modified_time":"2018-11-09T13:47:11+00:00","og_image":[{"url":"https:\/\/julioalonso.org\/wp-content\/uploads\/2012\/09\/6_02.gif","type":"","width":"","height":""}],"twitter_card":"summary_large_image","twitter_misc":{"Est. reading time":"5 minutes"},"schema":{"@context":"https:\/\/schema.org","@graph":[{"@type":"WebPage","@id":"https:\/\/julioalonso.org\/en\/ascension","url":"https:\/\/julioalonso.org\/en\/ascension","name":"Ascension - Julio Alonso - Cursos de Ascensi\u00f3n","isPartOf":{"@id":"https:\/\/julioalonso.org\/#website"},"primaryImageOfPage":{"@id":"https:\/\/julioalonso.org\/en\/ascension#primaryimage"},"image":{"@id":"https:\/\/julioalonso.org\/en\/ascension#primaryimage"},"thumbnailUrl":"https:\/\/julioalonso.org\/wp-content\/uploads\/2012\/09\/6_02.gif","datePublished":"2012-09-26T17:36:00+00:00","dateModified":"2018-11-09T13:47:11+00:00","breadcrumb":{"@id":"https:\/\/julioalonso.org\/en\/ascension#breadcrumb"},"inLanguage":"en-US","potentialAction":[{"@type":"ReadAction","target":["https:\/\/julioalonso.org\/en\/ascension"]}]},{"@type":"ImageObject","inLanguage":"en-US","@id":"https:\/\/julioalonso.org\/en\/ascension#primaryimage","url":"https:\/\/julioalonso.org\/wp-content\/uploads\/2012\/09\/6_02.gif","contentUrl":"https:\/\/julioalonso.org\/wp-content\/uploads\/2012\/09\/6_02.gif"},{"@type":"BreadcrumbList","@id":"https:\/\/julioalonso.org\/en\/ascension#breadcrumb","itemListElement":[{"@type":"ListItem","position":1,"name":"Portada","item":"https:\/\/julioalonso.org\/en"},{"@type":"ListItem","position":2,"name":"Ascension"}]},{"@type":"WebSite","@id":"https:\/\/julioalonso.org\/#website","url":"https:\/\/julioalonso.org\/","name":"Julio Alonso - Cursos de Ascensi\u00f3n","description":"El Camino de la iluminaci\u00f3n a trav\u00e9s de la verdadera alquimia y llamas sagradas","publisher":{"@id":"https:\/\/julioalonso.org\/#organization"},"potentialAction":[{"@type":"SearchAction","target":{"@type":"EntryPoint","urlTemplate":"https:\/\/julioalonso.org\/?s={search_term_string}"},"query-input":{"@type":"PropertyValueSpecification","valueRequired":true,"valueName":"search_term_string"}}],"inLanguage":"en-US"},{"@type":"Organization","@id":"https:\/\/julioalonso.org\/#organization","name":"julioalonso.org","url":"https:\/\/julioalonso.org\/","logo":{"@type":"ImageObject","inLanguage":"en-US","@id":"https:\/\/julioalonso.org\/#\/schema\/logo\/image\/","url":"https:\/\/julioalonso.org\/wp-content\/uploads\/2017\/06\/logo-footer.png","contentUrl":"https:\/\/julioalonso.org\/wp-content\/uploads\/2017\/06\/logo-footer.png","width":228,"height":101,"caption":"julioalonso.org"},"image":{"@id":"https:\/\/julioalonso.org\/#\/schema\/logo\/image\/"},"sameAs":["https:\/\/www.facebook.com\/julioalonso333\/","https:\/\/www.youtube.com\/user\/julioalonsomartinez"]}]}},"_links":{"self":[{"href":"https:\/\/julioalonso.org\/en\/wp-json\/wp\/v2\/pages\/2794","targetHints":{"allow":["GET"]}}],"collection":[{"href":"https:\/\/julioalonso.org\/en\/wp-json\/wp\/v2\/pages"}],"about":[{"href":"https:\/\/julioalonso.org\/en\/wp-json\/wp\/v2\/types\/page"}],"author":[{"embeddable":true,"href":"https:\/\/julioalonso.org\/en\/wp-json\/wp\/v2\/users\/6"}],"replies":[{"embeddable":true,"href":"https:\/\/julioalonso.org\/en\/wp-json\/wp\/v2\/comments?post=2794"}],"version-history":[{"count":3,"href":"https:\/\/julioalonso.org\/en\/wp-json\/wp\/v2\/pages\/2794\/revisions"}],"predecessor-version":[{"id":2797,"href":"https:\/\/julioalonso.org\/en\/wp-json\/wp\/v2\/pages\/2794\/revisions\/2797"}],"wp:attachment":[{"href":"https:\/\/julioalonso.org\/en\/wp-json\/wp\/v2\/media?parent=2794"}],"curies":[{"name":"wp","href":"https:\/\/api.w.org\/{rel}","templated":true}]}}