{"id":2785,"date":"2017-09-18T10:11:33","date_gmt":"2017-09-18T10:11:33","guid":{"rendered":"https:\/\/julioalonso.org?page_id=2785"},"modified":"2018-11-13T14:12:53","modified_gmt":"2018-11-13T14:12:53","slug":"curses-worshops","status":"publish","type":"page","link":"https:\/\/julioalonso.org\/en\/ascension\/curses-worshops","title":{"rendered":"Curses\/Worshops"},"content":{"rendered":"<div class=\"members-access-error\">Lo siento, pero no tienes permiso para ver este contenido,<\/div>\n","protected":false},"excerpt":{"rendered":"<div class=\"members-access-error\">Lo siento, pero no tienes permiso para ver este contenido,<\/div>\n","protected":false},"author":3,"featured_media":0,"parent":2794,"menu_order":1,"comment_status":"closed","ping_status":"closed","template":"","meta":{"footnotes":""},"class_list":["post-2785","page","type-page","status-publish","hentry"],"yoast_head":"<!-- This site is optimized with the Yoast SEO plugin v26.8 - https:\/\/yoast.com\/product\/yoast-seo-wordpress\/ -->\n<title>Curses\/Worshops - Julio Alonso - Cursos de Ascensi\u00f3n<\/title>\n<meta name=\"robots\" content=\"index, follow, max-snippet:-1, max-image-preview:large, max-video-preview:-1\" \/>\n<link rel=\"canonical\" href=\"https:\/\/julioalonso.org\/en\/ascension\/curses-worshops\" \/>\n<meta property=\"og:locale\" content=\"en_US\" \/>\n<meta property=\"og:type\" content=\"article\" \/>\n<meta property=\"og:title\" content=\"Curses\/Worshops - Julio Alonso - Cursos de Ascensi\u00f3n\" \/>\n<meta property=\"og:description\" content=\"Lo siento, pero no tienes permiso para ver este contenido,\" \/>\n<meta property=\"og:url\" content=\"https:\/\/julioalonso.org\/en\/ascension\/curses-worshops\" \/>\n<meta property=\"og:site_name\" content=\"Julio Alonso - Cursos de Ascensi\u00f3n\" \/>\n<meta property=\"article:publisher\" content=\"https:\/\/www.facebook.com\/julioalonso333\/\" \/>\n<meta property=\"article:modified_time\" content=\"2018-11-13T14:12:53+00:00\" \/>\n<meta property=\"og:image\" content=\"https:\/\/julioalonso.org\/wp-content\/uploads\/2017\/09\/9_03.gif\" \/>\n<meta name=\"twitter:card\" content=\"summary_large_image\" \/>\n<meta name=\"twitter:label1\" content=\"Est. reading time\" \/>\n\t<meta name=\"twitter:data1\" content=\"12 minutes\" \/>\n<script type=\"application\/ld+json\" class=\"yoast-schema-graph\">{\"@context\":\"https:\/\/schema.org\",\"@graph\":[{\"@type\":\"WebPage\",\"@id\":\"https:\/\/julioalonso.org\/en\/ascension\/curses-worshops\",\"url\":\"https:\/\/julioalonso.org\/en\/ascension\/curses-worshops\",\"name\":\"Curses\/Worshops - Julio Alonso - Cursos de Ascensi\u00f3n\",\"isPartOf\":{\"@id\":\"https:\/\/julioalonso.org\/#website\"},\"primaryImageOfPage\":{\"@id\":\"https:\/\/julioalonso.org\/en\/ascension\/curses-worshops#primaryimage\"},\"image\":{\"@id\":\"https:\/\/julioalonso.org\/en\/ascension\/curses-worshops#primaryimage\"},\"thumbnailUrl\":\"https:\/\/julioalonso.org\/wp-content\/uploads\/2017\/09\/9_03.gif\",\"datePublished\":\"2017-09-18T10:11:33+00:00\",\"dateModified\":\"2018-11-13T14:12:53+00:00\",\"breadcrumb\":{\"@id\":\"https:\/\/julioalonso.org\/en\/ascension\/curses-worshops#breadcrumb\"},\"inLanguage\":\"en-US\",\"potentialAction\":[{\"@type\":\"ReadAction\",\"target\":[\"https:\/\/julioalonso.org\/en\/ascension\/curses-worshops\"]}]},{\"@type\":\"ImageObject\",\"inLanguage\":\"en-US\",\"@id\":\"https:\/\/julioalonso.org\/en\/ascension\/curses-worshops#primaryimage\",\"url\":\"https:\/\/julioalonso.org\/wp-content\/uploads\/2017\/09\/9_03.gif\",\"contentUrl\":\"https:\/\/julioalonso.org\/wp-content\/uploads\/2017\/09\/9_03.gif\"},{\"@type\":\"BreadcrumbList\",\"@id\":\"https:\/\/julioalonso.org\/en\/ascension\/curses-worshops#breadcrumb\",\"itemListElement\":[{\"@type\":\"ListItem\",\"position\":1,\"name\":\"Portada\",\"item\":\"https:\/\/julioalonso.org\/en\"},{\"@type\":\"ListItem\",\"position\":2,\"name\":\"Ascension\",\"item\":\"https:\/\/julioalonso.org\/en\/ascension\"},{\"@type\":\"ListItem\",\"position\":3,\"name\":\"Curses\/Worshops\"}]},{\"@type\":\"WebSite\",\"@id\":\"https:\/\/julioalonso.org\/#website\",\"url\":\"https:\/\/julioalonso.org\/\",\"name\":\"Julio Alonso - Cursos de Ascensi\u00f3n\",\"description\":\"El Camino de la iluminaci\u00f3n a trav\u00e9s de la verdadera alquimia y llamas sagradas\",\"publisher\":{\"@id\":\"https:\/\/julioalonso.org\/#organization\"},\"potentialAction\":[{\"@type\":\"SearchAction\",\"target\":{\"@type\":\"EntryPoint\",\"urlTemplate\":\"https:\/\/julioalonso.org\/?s={search_term_string}\"},\"query-input\":{\"@type\":\"PropertyValueSpecification\",\"valueRequired\":true,\"valueName\":\"search_term_string\"}}],\"inLanguage\":\"en-US\"},{\"@type\":\"Organization\",\"@id\":\"https:\/\/julioalonso.org\/#organization\",\"name\":\"julioalonso.org\",\"url\":\"https:\/\/julioalonso.org\/\",\"logo\":{\"@type\":\"ImageObject\",\"inLanguage\":\"en-US\",\"@id\":\"https:\/\/julioalonso.org\/#\/schema\/logo\/image\/\",\"url\":\"https:\/\/julioalonso.org\/wp-content\/uploads\/2017\/06\/logo-footer.png\",\"contentUrl\":\"https:\/\/julioalonso.org\/wp-content\/uploads\/2017\/06\/logo-footer.png\",\"width\":228,\"height\":101,\"caption\":\"julioalonso.org\"},\"image\":{\"@id\":\"https:\/\/julioalonso.org\/#\/schema\/logo\/image\/\"},\"sameAs\":[\"https:\/\/www.facebook.com\/julioalonso333\/\",\"https:\/\/www.youtube.com\/user\/julioalonsomartinez\"]}]}<\/script>\n<!-- \/ Yoast SEO plugin. -->","yoast_head_json":{"title":"Curses\/Worshops - Julio Alonso - Cursos de Ascensi\u00f3n","robots":{"index":"index","follow":"follow","max-snippet":"max-snippet:-1","max-image-preview":"max-image-preview:large","max-video-preview":"max-video-preview:-1"},"canonical":"https:\/\/julioalonso.org\/en\/ascension\/curses-worshops","og_locale":"en_US","og_type":"article","og_title":"Curses\/Worshops - Julio Alonso - Cursos de Ascensi\u00f3n","og_description":"Lo siento, pero no tienes permiso para ver este contenido,","og_url":"https:\/\/julioalonso.org\/en\/ascension\/curses-worshops","og_site_name":"Julio Alonso - Cursos de Ascensi\u00f3n","article_publisher":"https:\/\/www.facebook.com\/julioalonso333\/","article_modified_time":"2018-11-13T14:12:53+00:00","og_image":[{"url":"https:\/\/julioalonso.org\/wp-content\/uploads\/2017\/09\/9_03.gif","type":"","width":"","height":""}],"twitter_card":"summary_large_image","twitter_misc":{"Est. reading time":"12 minutes"},"schema":{"@context":"https:\/\/schema.org","@graph":[{"@type":"WebPage","@id":"https:\/\/julioalonso.org\/en\/ascension\/curses-worshops","url":"https:\/\/julioalonso.org\/en\/ascension\/curses-worshops","name":"Curses\/Worshops - Julio Alonso - Cursos de Ascensi\u00f3n","isPartOf":{"@id":"https:\/\/julioalonso.org\/#website"},"primaryImageOfPage":{"@id":"https:\/\/julioalonso.org\/en\/ascension\/curses-worshops#primaryimage"},"image":{"@id":"https:\/\/julioalonso.org\/en\/ascension\/curses-worshops#primaryimage"},"thumbnailUrl":"https:\/\/julioalonso.org\/wp-content\/uploads\/2017\/09\/9_03.gif","datePublished":"2017-09-18T10:11:33+00:00","dateModified":"2018-11-13T14:12:53+00:00","breadcrumb":{"@id":"https:\/\/julioalonso.org\/en\/ascension\/curses-worshops#breadcrumb"},"inLanguage":"en-US","potentialAction":[{"@type":"ReadAction","target":["https:\/\/julioalonso.org\/en\/ascension\/curses-worshops"]}]},{"@type":"ImageObject","inLanguage":"en-US","@id":"https:\/\/julioalonso.org\/en\/ascension\/curses-worshops#primaryimage","url":"https:\/\/julioalonso.org\/wp-content\/uploads\/2017\/09\/9_03.gif","contentUrl":"https:\/\/julioalonso.org\/wp-content\/uploads\/2017\/09\/9_03.gif"},{"@type":"BreadcrumbList","@id":"https:\/\/julioalonso.org\/en\/ascension\/curses-worshops#breadcrumb","itemListElement":[{"@type":"ListItem","position":1,"name":"Portada","item":"https:\/\/julioalonso.org\/en"},{"@type":"ListItem","position":2,"name":"Ascension","item":"https:\/\/julioalonso.org\/en\/ascension"},{"@type":"ListItem","position":3,"name":"Curses\/Worshops"}]},{"@type":"WebSite","@id":"https:\/\/julioalonso.org\/#website","url":"https:\/\/julioalonso.org\/","name":"Julio Alonso - Cursos de Ascensi\u00f3n","description":"El Camino de la iluminaci\u00f3n a trav\u00e9s de la verdadera alquimia y llamas sagradas","publisher":{"@id":"https:\/\/julioalonso.org\/#organization"},"potentialAction":[{"@type":"SearchAction","target":{"@type":"EntryPoint","urlTemplate":"https:\/\/julioalonso.org\/?s={search_term_string}"},"query-input":{"@type":"PropertyValueSpecification","valueRequired":true,"valueName":"search_term_string"}}],"inLanguage":"en-US"},{"@type":"Organization","@id":"https:\/\/julioalonso.org\/#organization","name":"julioalonso.org","url":"https:\/\/julioalonso.org\/","logo":{"@type":"ImageObject","inLanguage":"en-US","@id":"https:\/\/julioalonso.org\/#\/schema\/logo\/image\/","url":"https:\/\/julioalonso.org\/wp-content\/uploads\/2017\/06\/logo-footer.png","contentUrl":"https:\/\/julioalonso.org\/wp-content\/uploads\/2017\/06\/logo-footer.png","width":228,"height":101,"caption":"julioalonso.org"},"image":{"@id":"https:\/\/julioalonso.org\/#\/schema\/logo\/image\/"},"sameAs":["https:\/\/www.facebook.com\/julioalonso333\/","https:\/\/www.youtube.com\/user\/julioalonsomartinez"]}]}},"_links":{"self":[{"href":"https:\/\/julioalonso.org\/en\/wp-json\/wp\/v2\/pages\/2785","targetHints":{"allow":["GET"]}}],"collection":[{"href":"https:\/\/julioalonso.org\/en\/wp-json\/wp\/v2\/pages"}],"about":[{"href":"https:\/\/julioalonso.org\/en\/wp-json\/wp\/v2\/types\/page"}],"author":[{"embeddable":true,"href":"https:\/\/julioalonso.org\/en\/wp-json\/wp\/v2\/users\/3"}],"replies":[{"embeddable":true,"href":"https:\/\/julioalonso.org\/en\/wp-json\/wp\/v2\/comments?post=2785"}],"version-history":[{"count":5,"href":"https:\/\/julioalonso.org\/en\/wp-json\/wp\/v2\/pages\/2785\/revisions"}],"predecessor-version":[{"id":2837,"href":"https:\/\/julioalonso.org\/en\/wp-json\/wp\/v2\/pages\/2785\/revisions\/2837"}],"up":[{"embeddable":true,"href":"https:\/\/julioalonso.org\/en\/wp-json\/wp\/v2\/pages\/2794"}],"wp:attachment":[{"href":"https:\/\/julioalonso.org\/en\/wp-json\/wp\/v2\/media?parent=2785"}],"curies":[{"name":"wp","href":"https:\/\/api.w.org\/{rel}","templated":true}]}}